{"id":817,"date":"2021-02-23T14:24:42","date_gmt":"2021-02-23T14:24:42","guid":{"rendered":"http:\/\/www.gelisimgezginleri.com\/?page_id=817"},"modified":"2025-08-25T09:21:59","modified_gmt":"2025-08-25T09:21:59","slug":"gizlilik-politikamiz","status":"publish","type":"page","link":"http:\/\/www.gelisimgezginleri.com\/?page_id=817","title":{"rendered":"Gizlilik Politikam\u0131z"},"content":{"rendered":"<p>[vc_row][vc_column][vc_column_text]<strong>GEL\u0130\u015e\u0130M GEZG\u0130NLER\u0130 K\u0130\u015e\u0130SEL VER\u0130LER\u0130 KORUMA POL\u0130T\u0130KASI<\/strong><\/p>\n<p>Bu gizlilik politikas\u0131 web sitemizi kullan\u0131rken veya web sitemizde herhangi bir form doldurdu\u011funuzda Geli\u015fim Gezginleri\u2019 ne verdi\u011finiz bilgileri Geli\u015fim Gezginleri\u2019nin nas\u0131l kulland\u0131\u011f\u0131n\u0131 ve korudu\u011funu belirler. Geli\u015fim Gezginleri tescilli bir markad\u0131r. Bize 0216 323 22 14 nolu telefonumuzdan ve buraya t\u0131klayarak ileti\u015fim formumuzdan ula\u015fabilirsiniz. Web sitemizi kullan\u0131rken veya ba\u015fka herhangi bir elektronik formda belirli bilgileri vermenizi istersek, bunun yaln\u0131zca bu gizlilik politikas\u0131na uygun olarak kullan\u0131laca\u011f\u0131ndan emin olabilirsiniz. Geli\u015fim Gezginleri bu politikay\u0131 zaman zaman de\u011fi\u015ftirebilir; b\u00f6yle bir durumda bu de\u011fi\u015fiklikler web sitemizde yay\u0131nlanacak ve burada ilan edilen gizlilik politikam\u0131z metnine yans\u0131t\u0131lacakt\u0131r. Bu politika yay\u0131nland\u0131\u011f\u0131 tarihinden itibaren ge\u00e7erlidir.<\/p>\n<p>&nbsp;<\/p>\n<p><strong>HANG\u0130 B\u0130LG\u0130LER\u0130 TOPLUYORUZ<\/strong><\/p>\n<p>A\u015fa\u011f\u0131daki bilgileri toplayabiliriz:<\/p>\n<p>Tam ad\u0131n\u0131z veya ilk ad\u0131n\u0131z,<\/p>\n<p>E-posta adresi de dahil olmak \u00fczere ileti\u015fim bilgileri,<\/p>\n<p>E\u011fer bizimle ilgili bir e\u011fitime ba\u015fvuruyorsan\u0131z, do\u011fum tarihi, mezun oldu\u011funuz okul, \u00e7al\u0131\u015ft\u0131\u011f\u0131n\u0131z i\u015fler gibi bu e\u011fitime kat\u0131l\u0131m\u0131n\u0131zdan tam fayday\u0131 almak i\u00e7in gerekli olan \u00e7e\u015fitli demografik bilgiler,<\/p>\n<p>Sa\u011flad\u0131\u011f\u0131m\u0131z e\u011fitimlerle ilgili olas\u0131 di\u011fer bilgiler,<\/p>\n<p>Sitemizi kullan\u0131m\u0131zla ilgili bilgiler,<\/p>\n<p>Sosyal medya profilinizle ilgili bilgiler (sosyal medya sayfalar\u0131m\u0131za abone olman\u0131z durumunda).<\/p>\n<p><strong>BU TOPLADI\u011eIMIZ B\u0130LG\u0130LERLE NE YAPIYORUZ?<\/strong><\/p>\n<p>Bu bilgileri gereksinimlerinizi anlamak ve daha iyi bir hizmet sunmak i\u00e7in \u00f6zellikle a\u015fa\u011f\u0131daki nedenlerden dolay\u0131 talep ediyoruz:<\/p>\n<p>Dahili kay\u0131t tutmak.<\/p>\n<p>Verdi\u011fimiz e\u011fitimleri daha da geli\u015ftirmek.<\/p>\n<p>Geli\u015fim Gezginleri \u00e7al\u0131\u015fanlar\u0131 taraf\u0131ndan \u00fcretilen ve sizin eposta ve di\u011fer listelerimize abone olarak ilginizi belirtti\u011finiz \u00e7al\u0131\u015fma ve hizmet alan\u0131m\u0131zda size faydal\u0131 olabilece\u011fini d\u00fc\u015f\u00fcnd\u00fc\u011f\u00fcm\u00fcz yeni yaz\u0131, makale, ara\u015ft\u0131rma, kitap, g\u00f6rsel medya, vb. formatlardaki yay\u0131nlar\u0131m\u0131z\u0131 payla\u015fmak ve bunlardan eposta ve sosyal medya yoluyla haberdar etmek<\/p>\n<p>Sunaca\u011f\u0131m\u0131z e\u011fitimler ve kendi \u00e7al\u0131\u015fma alan\u0131m\u0131zdaki di\u011fer hizmetlerden bizden haber almak istedi\u011fini eposta ve di\u011fer listelerimize kay\u0131t olarak beyan etmi\u015f sizlere bu hizmetlerimizi duyurmak.<\/p>\n<p>Ayn\u0131 \u015fekilde Geli\u015fim Gezginleri\u2019nin organik ili\u015fki i\u00e7inde oldu\u011fu E\u011fitimleri sunan ki\u015fi ve organizasyonlar\u0131n sizin ilgi ve faydan\u0131za uygun oldu\u011funu d\u00fc\u015f\u00fcnd\u00fcklerimizi payla\u015fmak.<\/p>\n<p>Websitemizde \u015fu yol ve ama\u00e7larla veri topluyor ve kullan\u0131yoruz:<\/p>\n<p>\u0130leti\u015fim formu: Bu sayfadaki formu kullanarak bizimle irtibata ge\u00e7en ki\u015filerin sorular\u0131n\u0131 ve taleplerini kar\u015f\u0131lamak i\u00e7in kullan\u0131yoruz. Bu formu doldurarak bizimle isim, eposta adresi ve telefonunu payla\u015fan ki\u015filerle bizimle ileti\u015fime ge\u00e7tikleri konular d\u0131\u015f\u0131nda herhangi bir ama\u00e7la verilerini i\u015flemiyor, saklam\u0131yor, pazarlama, tan\u0131t\u0131m veya ba\u015fka ama\u00e7larla veritabanlar\u0131m\u0131za eklemiyoruz. \u0130lgili konu ile ilgili ihtiya\u00e7 sona erdi\u011finde veriyi tutmaya devam etmiyoruz.<\/p>\n<p>Geli\u015fim Gezginleri Blog ve Duyurular\u0131na Abonelik Formlar\u0131: Websitemizin \u00e7e\u015fitli yerlerinde ve kendili\u011finden a\u00e7\u0131lan kutularda ziyaret\u00e7ilerimizi blog yaz\u0131lar\u0131m\u0131zla ve yukar\u0131da belirtti\u011fimiz hizmetlerle ilgili duyurular\u0131 alabilmek i\u00e7in Mailchimp adl\u0131 bulut \u00fczerinden hizmet veren \u015firkette tuttu\u011fumuz veritaban\u0131m\u0131za kay\u0131t olmaya davet ediyoruz. Bu ki\u015filerin bilgilerini (ad, soyad ve e-posta adresi) ki\u015fi art\u0131k bu duyurular\u0131 almak istemedi\u011fini belirtene kadar tutuyoruz ve sadece bu ama\u00e7larla kullan\u0131yoruz. Herhangi bir \u015fekilde \u00fc\u00e7\u00fcnc\u00fc partilerle payla\u015fm\u0131yoruz.<\/p>\n<p>&nbsp;<\/p>\n<p>E\u011fitim ba\u015fvuru ve kay\u0131t formlar\u0131: Sundu\u011fumuz e\u011fitimlere kay\u0131t olmak isteyen, ba\u015fvurmak isteyen veya daha fazla bilgi almak isteyen ki\u015filerle ileti\u015fim kurabilmek i\u00e7in bazen \u00f6zel formlar tasarl\u0131yor ve kullan\u0131yoruz. Bu formlardan toplad\u0131\u011f\u0131m\u0131z ki\u015fiye \u00f6zel bilgileri sadece bu ama\u00e7larla kullan\u0131yoruz. E\u011fitimlerimize kay\u0131t olmak i\u00e7in bu formlar\u0131 dolduran ki\u015filerin a\u00e7\u0131k r\u0131zas\u0131n\u0131 alarak e\u011fer daha \u00f6nceden kay\u0131tl\u0131 de\u011fillerse duyuru veritaban\u0131m\u0131za ekliyoruz ve ilerideki e\u011fitimlerimizden de haberdar etmek ama\u00e7l\u0131 g\u00f6nderimde bulunuyoruz. Her ne ama\u00e7la verileri toplam\u0131\u015f olursak olal\u0131m herhangi bir \u015fekilde bu ki\u015fisel verileri satm\u0131yoruz, kiralam\u0131yoruz ve hukuken zorunlu tutuldu\u011fumuz durumlar d\u0131\u015f\u0131nda ba\u015fkalar\u0131 ile payla\u015fm\u0131yoruz.<\/p>\n<p>&nbsp;<\/p>\n<p>\u00c7erezler: Websitemizde sundu\u011fumuz hizmeti ve deneyiminizi sizin i\u00e7in daha iyi hale getirebilmek, sosyal medya \u00f6zelliklerini sunabilmek ve sitemize ula\u015fan trafi\u011fi analiz edebilmek i\u00e7in \u00e7erez ve benzeri teknolojileri sunmaktay\u0131z. Bu verileri bazen kendilerinden hizmet ald\u0131\u011f\u0131m\u0131z sosyal medya ve analiz hizmeti veren i\u015f ortaklar\u0131m\u0131zla payla\u015fmaktay\u0131z.<\/p>\n<p>&nbsp;<\/p>\n<p><strong>G\u00dcVENL\u0130K<\/strong><\/p>\n<p>Bilgilerinizin g\u00fcvende oldu\u011funu garanti ediyoruz. Yetkisiz eri\u015fimi veya if\u015fay\u0131 \u00f6nlemek i\u00e7in, \u00e7evrimi\u00e7i olarak toplad\u0131\u011f\u0131m\u0131z bilgileri ve di\u011fer elektronik formlar\u0131 korumak ve korumak i\u00e7in uygun fiziksel, elektronik ve y\u00f6netimsel prosed\u00fcrler uygulad\u0131k. \u00d6zellikle web sitemizde doldurdu\u011funuz abonelik formlar\u0131ndan i\u015fledi\u011fimiz bilgileri tutmak i\u00e7in ve yukar\u0131daki hizmetlerin baz\u0131lar\u0131n\u0131 sunmak i\u00e7in bu konuda en g\u00fcvenli ve en profesyonel hizmet veren kurulu\u015flardan Mailchimp\u2019den hizmet al\u0131yoruz. Kendisinin de Ki\u015fisel Verileri Korumak\u2019la ilgili politikalar\u0131n\u0131n kendi politikalar\u0131m\u0131zla uyumlu oldu\u011funu g\u00f6rd\u00fc\u011f\u00fcm\u00fcz bu kurulu\u015fun uygulama ve g\u00fcvenlik bildirgelerine buradan ula\u015fabilirsiniz.\u00a0 Bunun haricinde Geli\u015fim Gezginleri olarak aktif ve ge\u00e7mi\u015f m\u00fc\u015fterilerimizle ilgili ve kendilerine etkin hizmet verebilmemizi ve i\u015f s\u00fcre\u00e7lerimizi takip edebilmemiz i\u00e7in veritabanlar\u0131 olu\u015fturuyor ve kullan\u0131yoruz. Bu veritabanlar\u0131 i\u00e7in GDPR ve \u00fclkemizdeki uygulamalara uygun olarak de\u011ferlendirdi\u011fimiz g\u00fcvenli hizmet veren hizmet sunuculardan faydalan\u0131yoruz.<\/p>\n<p>D\u0130\u011eER WEBS\u0130TELER\u0130NE BA\u011eLANTILAR<\/p>\n<p>Web sitemiz, di\u011fer web sitelerine ba\u011flant\u0131lar i\u00e7erebilir. Ancak, sitemizi terk etmek i\u00e7in bu ba\u011flant\u0131lar\u0131 kulland\u0131ktan sonra, bu siteler \u00fczerinde herhangi bir kontrol\u00fcm\u00fcz ve taahh\u00fcd\u00fcm\u00fcz olmad\u0131\u011f\u0131n\u0131n alt\u0131n\u0131 \u00e7izmek isteriz.\u00a0 Bu nedenle, bu t\u00fcr siteleri ziyaret ederken sa\u011flad\u0131\u011f\u0131n\u0131z bilgilerin korunmas\u0131ndan ve gizlili\u011finden sorumlu olamay\u0131z ve bu t\u00fcr siteler bu gizlilik beyan\u0131na tabi de\u011fildir. Dikkatli davranmal\u0131 ve s\u00f6z konusu web sitesine uygulanacak gizlilik beyan\u0131na bakmal\u0131s\u0131n\u0131z.<\/p>\n<p>&nbsp;<\/p>\n<p>Geli\u015fim Gezginleri websitesinde baz\u0131 sayfalarda d\u0131\u015f kaynaklardan sa\u011flanan g\u00f6m\u00fcl\u00fc (embedded) i\u00e7erikler (\u00f6r: youtube ve di\u011fer sitelerde sunulan videolar, baz\u0131 g\u00f6rseller, vs.) olabilir. Bu g\u00f6m\u00fcl\u00fc i\u00e7erikler siz sanki o websitesini ziyaret etmi\u015fsiniz gibi davranacakt\u0131r. Bu siteler hakk\u0131n\u0131zda veri toplayabilirler, \u00e7erezler ve di\u011fer benzeri veri toplama ara\u00e7lar\u0131 kullanabilirler. Websitemiz sadece youtube, Vimeo ve benzeri video sa\u011flay\u0131c\u0131 sitelerden i\u00e7erik sunmaktad\u0131r. Websitemizin tasar\u0131m\u0131nda hemen her websitesinde kullan\u0131lmakta olan Google Fonts\u2019tan faydalanmaktay\u0131z. Bu sayede sizlere g\u00f6ze daha ho\u015f gelen ve daha kolay okunabilir bir g\u00f6rsel deneyim sunabiliyoruz. Bir end\u00fcstri standard\u0131 olan Google Fonts, do\u011frudan websitelerinden indirilmemekte, bir websitesi ziyaret\u00e7i taraf\u0131ndan g\u00f6r\u00fcnt\u00fclendi\u011finde ziyaret\u00e7inin bilgisayar\u0131 taraf\u0131ndan Google\u2019\u0131n ilgili sunucular\u0131ndan talep edilerek kullan\u0131lmaktad\u0131r. Bu sayede Google\u2019a ilgili ki\u015finin bilgisayar\u0131n\u0131n ip adresi ula\u015fmaktad\u0131r (ki ilgili font indirilebilsin). Websitemizi kullanarak bu bilginin payla\u015f\u0131lmas\u0131n\u0131 da kabul etmektesiniz.<\/p>\n<p>&nbsp;<\/p>\n<p><strong>EKLENT\u0130LER<\/strong><\/p>\n<p>Websitemiz wordpress i\u015fletim sistemi \u00fczerine kurgulanm\u0131\u015ft\u0131r. WordPress i\u015fletim sistemi kendili\u011finden herhangi bir \u015fekilde ziyaret\u00e7ilerin bilgilerini i\u015flemez ve takip etmez. Kullan\u0131c\u0131\/ziyaret\u00e7i deneyimini daha etkin hale getirmek i\u00e7in \u00e7e\u015fitli eklentiler kullanmaktay\u0131z. Bunlar\u0131n baz\u0131lar\u0131 Jetpack, iThemes Security, Shareaholic, Akismet, Boxilla gibi eklentilerdir. Bu eklentiler ziyaret\u00e7i istatistiklerini tutmak, websitesinin daha h\u0131zl\u0131 y\u00fcklenmesini sa\u011flamak, i\u00e7eri\u011fin sosyal medyada daha kolay payla\u015f\u0131lmas\u0131n\u0131 sa\u011flamak, sitenin g\u00fcvenli olmas\u0131n\u0131 sa\u011flamak, yorumlarda spam i\u00e7eren i\u00e7eriklerin payla\u015f\u0131lmas\u0131n\u0131 engellemek, sitenin k\u00f6t\u00fc niyetli ki\u015filer taraf\u0131ndan ele ge\u00e7irilmesini engellemek, ziyaret\u00e7ilere abone formlar\u0131n\u0131 g\u00f6stermek gibi ama\u00e7larla kullan\u0131lmaktad\u0131r. Bu eklentilerin baz\u0131lar\u0131 \u00e7erezler kullanabilir. Bu \u00e7erezlerin amac\u0131 da yukar\u0131da payla\u015ft\u0131\u011f\u0131m\u0131z ama\u00e7lara hizmet etmektir. Bunlar haricinde ileride sizlere daha iyi hizmet sunmak i\u00e7in \u00e7e\u015fitli pixeller gibi izleyiciler kullanabiliriz. Bu gibi de\u011fi\u015fiklikler oldu\u011funda bu bildirgede duyurulacakt\u0131r.<\/p>\n<p>&nbsp;<\/p>\n<p><strong>K\u0130\u015e\u0130SEL B\u0130LG\u0130LER\u0130N\u0130Z\u0130N KONTROL ED\u0130LMES\u0130<\/strong><\/p>\n<p>Ki\u015fisel bilgilerinizin toplanmas\u0131n\u0131 veya kullan\u0131lmas\u0131n\u0131 a\u015fa\u011f\u0131daki yollarla k\u0131s\u0131tlamay\u0131 se\u00e7ebilirsiniz:<\/p>\n<p>&nbsp;<\/p>\n<p>E\u011fitimlerimize kay\u0131t olma s\u00fcrecinin bir par\u00e7as\u0131 olarak ki\u015fisel bilgilerinizi talep ederiz. Ki\u015fisel bilgileri topluyoruz. Bu bilgileri birka\u00e7 nedenden dolay\u0131 kullan\u0131yoruz: Haberdar olmak istedi\u011finizi belirtti\u011finiz e\u011fitimler hakk\u0131nda bilgi vermek; Sizden ek bilgi almam\u0131z veya size ek bilgi vermemiz gerekirse sizinle temas kurmak; kay\u0131tlar\u0131m\u0131z\u0131n do\u011fru olup olmad\u0131\u011f\u0131n\u0131 kontrol etmek; ve ara s\u0131ra sundu\u011fumuz hizmetlerden memnuniyetiniz hakk\u0131nda geri bildirim istemek. Di\u011fer kurulu\u015flarla ve i\u015fletmelerle e-posta listeleri kiralam\u0131yoruz veya ticaretini yapm\u0131yoruz.<\/p>\n<p>E\u011fer bu konuda ilginizi eposta listelerimize ve sosyal medya kanallar\u0131m\u0131za \u00fcye olarak belli ettiyseniz yakla\u015fan e\u011fitimler hakk\u0131nda sizi bilgilendirmek. Herhangi bir zamanda bu konuda fikrinizi de\u011fi\u015ftirdi\u011finizde, size ula\u015fan son iletilerimizin \u00fczerindeki linkleri kullanarak veya bize info@gelisim gezginleri.com adresine yazarak de\u011fi\u015fiklikleri yapabilirsiniz.<\/p>\n<p>Sizin izniniz olmadan ya da yasalarca gerekli g\u00f6r\u00fclmedik\u00e7e, ki\u015fisel bilgilerinizi \u00fc\u00e7\u00fcnc\u00fc taraflara satmayacak, da\u011f\u0131tmayacak ya da kiralamayaca\u011f\u0131z. Ki\u015fisel bilgilerinizi buna izin verdi\u011finiz takdirde, \u00fc\u00e7\u00fcnc\u00fc partilerden gelebilecek ve ilginizi \u00e7ekebilece\u011finizi d\u00fc\u015f\u00fcnd\u00fc\u011f\u00fcm\u00fcz tan\u0131t\u0131m bilgilerini g\u00f6ndermek i\u00e7in kullanabiliriz. Kisisel Verileri Koruma Kanunu kapsam\u0131nda, ki\u015fisel verilerinize eri\u015fim ve de\u011fi\u015fiklik yapma hakk\u0131na sahipsiniz. Tuttu\u011fumuz ki\u015fisel bilgileri g\u00f6r\u00fcnt\u00fcleme, de\u011fi\u015ftirme veya silme hakk\u0131na sahipsiniz. \u0130ste\u011finizi veri i\u015fleme sorumlumuza e-posta ile g\u00f6nderiniz: info@gelisimgezginleri.com E\u011fer hakk\u0131n\u0131zda tuttu\u011fumuz herhangi bir bilginin yanl\u0131\u015f veya eksik oldu\u011funu d\u00fc\u015f\u00fcn\u00fcyorsan\u0131z, l\u00fctfen en k\u0131sa zamanda yukar\u0131daki adrese yaz\u0131n veya e-posta g\u00f6nderin. Hatal\u0131 oldu\u011fu tespit edilen bilgileri derhal d\u00fczeltece\u011fiz.<\/p>\n<p>&nbsp;<\/p>\n<p>Gizlilik Bildirgesi<\/p>\n<p>Geli\u015fim Gezginleri, ki\u015fisel verileri korumaya b\u00fcy\u00fck \u00f6nem vermektedir. Sizden hangi bilgileri i\u015fledi\u011fimizi ve nas\u0131l kulland\u0131\u011f\u0131m\u0131z\u0131 her zaman bilmeniz gerekti\u011fine ve her ikisinde de anlaml\u0131 bir kontrol sahibi olman\u0131z gerekti\u011fine inan\u0131yoruz. Bu gizlilik bildirimi, ki\u015fisel verileri neden ve nas\u0131l i\u015fledi\u011fimizi ve kulland\u0131\u011f\u0131m\u0131z\u0131 anlat\u0131r ve bireylerin haklar\u0131 hakk\u0131nda bilgi sa\u011flar. Bu bildirge bize hem ki\u015fisel olarak hem de ba\u015fkalar\u0131 taraf\u0131ndan sa\u011flanan ki\u015fisel veriler i\u00e7in ge\u00e7erlidir. Bu gizlilik beyan\u0131nda belirtilen ama\u00e7larla ve bu bilgileri i\u015flerken belirtebilece\u011fimiz ama\u00e7larla bize verilen ki\u015fisel bilgileri kullanabiliriz. Ki\u015fisel veriler, kimli\u011fi belirli veya belirlenebilir ger\u00e7ek ki\u015fiye ili\u015fkin her t\u00fcrl\u00fc bilgiyi i\u00e7erir. Geli\u015fim Gezginleri ki\u015fisel verileri \u00e7e\u015fitli ama\u00e7larla i\u015flemektedir ve her bir ama\u00e7 i\u00e7in toplama, yasal i\u015fleme, kullan\u0131m, a\u00e7\u0131klama ve saklama s\u00fcreleri farkl\u0131l\u0131k g\u00f6sterebilir. Ki\u015fisel verileri i\u015flerken ve kullan\u0131rken, politikam\u0131z ki\u015fisel verileri neden ve nas\u0131l i\u015fledi\u011fimiz konusunda \u015feffaft\u0131r. \u00d6zel i\u015fleme faaliyetlerimiz hakk\u0131nda daha fazla bilgi edinmek i\u00e7in l\u00fctfen bu bildirimin ilgili b\u00f6l\u00fcmlerine gidin.<\/p>\n<p>&nbsp;<\/p>\n<p><strong>K\u0130\u015e\u0130SEL VER\u0130LER\u0130N \u0130\u015eLENMES\u0130<\/strong><\/p>\n<p>Geli\u015fim Gezginleri m\u00fc\u015fterileri, dan\u0131\u015fanlar\u0131, sundu\u011fu e\u011fitim kat\u0131l\u0131mc\u0131lar\u0131, kendisi ile \u00e7e\u015fitli kanallardan ileti\u015fime ge\u00e7erek hizmetleri ile ilgili bilgi isteyen potansiyel m\u00fc\u015fterileri ve sundu\u011fu bilgi, makale, yaz\u0131, e\u011fitim, dan\u0131\u015fmanl\u0131k ve vb. konularda haber alma istek ve ilgisini elektronik posta listemize abone olarak veya sosyal medya kanallar\u0131na abone olarak a\u00e7\u0131k\u00e7a belirten ki\u015filerin verilerini i\u015fler. Ki\u015filer hakk\u0131nda ki\u015fisel verilerin i\u015flenmesi s\u00fcrecini ki\u015finin kendisi web sitemiz, sosyal medya kanallar\u0131m\u0131z ve di\u011fer ileti\u015fim kanallar\u0131n\u0131 kullanarak ba\u015flat\u0131r ve bu veriler \u00e7o\u011fu zaman ki\u015finin ki\u015fi ad\u0131, telefon, e-posta ve benzeri bilgiler i\u00e7erecektir.<\/p>\n<p>&nbsp;<\/p>\n<p><strong>K\u0130\u015e\u0130SEL VER\u0130LER\u0130N KULLANIMI<\/strong><\/p>\n<p>Ki\u015filerle ilgili ki\u015fisel bilgiler, Geli\u015fim Gezginleri kullan\u0131c\u0131lar\u0131 taraf\u0131ndan, bu ki\u015filere ilgilenebilecekleri \u00e7e\u015fitli e\u011fitimlerden \/ f\u0131rsatlardan haberdar olmalar\u0131 i\u00e7in onlara ula\u015fabilmek amac\u0131 ile ve a\u015fa\u011f\u0131daki ama\u00e7larla kullan\u0131labilir:<\/p>\n<p>E\u011fitimlerimizi y\u00f6netmek, y\u00f6netmek ve geli\u015ftirmek<\/p>\n<p>Bize ve verdi\u011fimiz e\u011fitimlere ili\u015fkin bilgi vermek<\/p>\n<p>Geli\u015fim Gezginleri ki\u015filerin a\u00e7\u0131k r\u0131zas\u0131 olmadan satarak, kiralayarak veya ba\u015fka herhangi bir \u015fekilde veri taban\u0131ndaki ki\u015fisel verileri \u00fc\u00e7\u00fcnc\u00fc partilere a\u00e7maz ve bu verilerin pazarlama amac\u0131 ile kullan\u0131lmas\u0131na izin vermez.<\/p>\n<p><strong>VER\u0130 SAKLAMA<\/strong><\/p>\n<p>Ki\u015fisel veriler yukar\u0131da belirtilen ama\u00e7lar i\u00e7in gerekli oldu\u011fu s\u00fcrece veya ilgili ki\u015filer taraf\u0131ndan aksi yaz\u0131l\u0131 olarak beyan edilmedi\u011fi s\u00fcrece Geli\u015fim Gezginleri taraf\u0131ndan muhafaza edilecektir<\/p>\n<h3>A\u00e7\u0131k R\u0131za Metni<\/h3>\n<p>6698 say\u0131l\u0131 Ki\u015fisel Verilerin Korunmas\u0131 Kanunu gere\u011fince, ki\u015fisel verilerimin \u201cGeli\u015fim Gezginleri Dan\u0131\u015fmanl\u0131k ve E\u011fitim \u201d taraf\u0131ndan, hangi ama\u00e7la i\u015flenece\u011fi, i\u015flenen ki\u015fisel verilerin kimlere ve hangi ama\u00e7la aktar\u0131labilece\u011fi, ki\u015fisel veri toplaman\u0131n y\u00f6ntemi ve hukuki sebebi ve Kanun\u2019un 11. maddesinde say\u0131lan di\u011fer haklar\u0131m hususlar\u0131nda bilgilendirildim. Ba\u015fvurdu\u011fum, faydalanmak istedi\u011fim \u201cGeli\u015fim Gezginleri Dan\u0131\u015fmanl\u0131k ve E\u011fitim \u201d in her t\u00fcrl\u00fc ileti\u015fimi ile ilgili bilgilendirilme s\u00fcre\u00e7lerimin yerine getirilmesi, bu kapsamda ileti\u015fime ge\u00e7ilmesi i\u00e7in \u201cGeli\u015fim Gezginleri Dan\u0131\u015fmanl\u0131k ve E\u011fitim \u201d e iletti\u011fim her t\u00fcrl\u00fc ki\u015fisel verimin, \u201cGeli\u015fim Gezginleri Dan\u0131\u015fmanl\u0131k ve E\u011fitim \u201d taraf\u0131ndan kaydedilmesine, depolanmas\u0131na, de\u011fi\u015ftirilmesine, g\u00fcncellenmesine, periyodik olarak kontrol edilmesine, yeniden d\u00fczenlenmesine, s\u0131n\u0131fland\u0131r\u0131lmas\u0131na, kaydedilmesine, ki\u015fisel verilerimin \u201cGeli\u015fim Gezginleri Dan\u0131\u015fmanl\u0131k ve E\u011fitim \u201d in yasal y\u00fck\u00fcml\u00fcl\u00fcklerini yerine getirmesi amac\u0131yla yetkili mercilerle payla\u015f\u0131lmas\u0131na, yukar\u0131da bahsi ge\u00e7en ki\u015fisel verilerimin \u201cGeli\u015fim Gezginleri Dan\u0131\u015fmanl\u0131k ve E\u011fitim \u201d in m\u00fc\u015fteri\/m\u00fc\u015fteri aday\u0131\/ba\u015fvuran\/kay\u0131t olan\/faydalanan ki\u015fi havuzunda muhafaza edilmesine, gerekti\u011finde \u201cGeli\u015fim Gezginleri Dan\u0131\u015fmanl\u0131k ve E\u011fitim \u201d in sundu\u011fu WEBINAR\/Seminer\/Etkinlik\/E\u011fitim\/Faydalardan bilgilendirilmem i\u00e7in ileti\u015fime ge\u00e7ilmesine onay veriyorum.[\/vc_column_text][\/vc_column][\/vc_row]<\/p>\n","protected":false},"excerpt":{"rendered":"<p>[vc_row][vc_column][vc_column_text]GEL\u0130\u015e\u0130M GEZG\u0130NLER\u0130 K\u0130\u015e\u0130SEL VER\u0130LER\u0130 KORUMA POL\u0130T\u0130KASI Bu gizlilik politikas\u0131 web sitemizi kullan\u0131rken veya web sitemizde herhangi bir form doldurdu\u011funuzda Geli\u015fim Gezginleri\u2019 ne verdi\u011finiz bilgileri Geli\u015fim Gezginleri\u2019nin nas\u0131l kulland\u0131\u011f\u0131n\u0131 ve korudu\u011funu belirler. Geli\u015fim Gezginleri tescilli bir markad\u0131r. Bize 0216 323 22 14 nolu telefonumuzdan ve buraya t\u0131klayarak ileti\u015fim formumuzdan ula\u015fabilirsiniz. Web sitemizi kullan\u0131rken veya ba\u015fka herhangi&hellip;<\/p>\n","protected":false},"author":1,"featured_media":0,"parent":111,"menu_order":0,"comment_status":"closed","ping_status":"closed","template":"","meta":{"footnotes":""},"class_list":["post-817","page","type-page","status-publish","hentry","description-off"],"_links":{"self":[{"href":"http:\/\/www.gelisimgezginleri.com\/index.php?rest_route=\/wp\/v2\/pages\/817","targetHints":{"allow":["GET"]}}],"collection":[{"href":"http:\/\/www.gelisimgezginleri.com\/index.php?rest_route=\/wp\/v2\/pages"}],"about":[{"href":"http:\/\/www.gelisimgezginleri.com\/index.php?rest_route=\/wp\/v2\/types\/page"}],"author":[{"embeddable":true,"href":"http:\/\/www.gelisimgezginleri.com\/index.php?rest_route=\/wp\/v2\/users\/1"}],"replies":[{"embeddable":true,"href":"http:\/\/www.gelisimgezginleri.com\/index.php?rest_route=%2Fwp%2Fv2%2Fcomments&post=817"}],"version-history":[{"count":4,"href":"http:\/\/www.gelisimgezginleri.com\/index.php?rest_route=\/wp\/v2\/pages\/817\/revisions"}],"predecessor-version":[{"id":936,"href":"http:\/\/www.gelisimgezginleri.com\/index.php?rest_route=\/wp\/v2\/pages\/817\/revisions\/936"}],"up":[{"embeddable":true,"href":"http:\/\/www.gelisimgezginleri.com\/index.php?rest_route=\/wp\/v2\/pages\/111"}],"wp:attachment":[{"href":"http:\/\/www.gelisimgezginleri.com\/index.php?rest_route=%2Fwp%2Fv2%2Fmedia&parent=817"}],"curies":[{"name":"wp","href":"https:\/\/api.w.org\/{rel}","templated":true}]}}