{"id":792,"date":"2020-08-28T12:00:49","date_gmt":"2020-08-28T12:00:49","guid":{"rendered":"http:\/\/www.gelisimgezginleri.com\/?page_id=792"},"modified":"2024-09-10T14:36:00","modified_gmt":"2024-09-10T14:36:00","slug":"mindfullness-workshop","status":"publish","type":"page","link":"http:\/\/www.gelisimgezginleri.com\/?page_id=792","title":{"rendered":"\u0130NOS\u0130S- Kurumsal \u0130novasyon Sistemi"},"content":{"rendered":"<p>[vc_row][vc_column width=&#8221;1\/2&#8243;][vc_single_image image=&#8221;854&#8243; img_size=&#8221;large&#8221; lazy_loading=&#8221;true&#8221;][vc_empty_space]<a href=\"http:\/\/www.gelisimgezginleri.com\/#!\/consultation\" class=\"btn-shortcode dt-btn-l dt-btn default-btn-color default-btn-hover-color default-btn-bg-color default-btn-bg-hover-color\" target=\"_blank\" id=\"dt-btn-1\" rel=\"noopener\"><span>S\u0130Z\u0130 ARAYALIM!<\/span><\/a>[\/vc_column][vc_column width=&#8221;1\/2&#8243;]<div id=\"ultimate-heading-793069e3535f975b4\" class=\"uvc-heading ult-adjust-bottom-margin ultimate-heading-793069e3535f975b4 uvc-1603  uvc-heading-default-font-sizes\" data-hspacer=\"no_spacer\"  data-halign=\"center\" style=\"text-align:center\"><div class=\"uvc-heading-spacer no_spacer\" style=\"top\"><\/div><div class=\"uvc-main-heading ult-responsive\"  data-ultimate-target='.uvc-heading.ultimate-heading-793069e3535f975b4 h2'  data-responsive-json-new='{\"font-size\":\"\",\"line-height\":\"\"}' ><h2 style=\"--font-weight:theme;\">Kurumsal \u0130novasyon Sistemi ile gelece\u011fi birlikte in\u015fa edelim.<\/h2><\/div><div class=\"uvc-sub-heading ult-responsive\"  data-ultimate-target='.uvc-heading.ultimate-heading-793069e3535f975b4 .uvc-sub-heading '  data-responsive-json-new='{\"font-size\":\"\",\"line-height\":\"\"}'  style=\"font-weight:normal;\"><\/p>\n<blockquote>\n<p style=\"text-align: left;\">\u0130NOS\u0130S- Kurumsal \u0130novasyon Sistemi<\/p>\n<p style=\"text-align: left;\">Ama\u00e7:<\/p>\n<p style=\"text-align: left;\">Kurumsal \u0130novasyon Sistemi, \u015firketlerin inovasyon ve yarat\u0131c\u0131l\u0131k yetkinliklerini art\u0131rarak sekt\u00f6rde liderliklerini s\u00fcrd\u00fcrmelerine yard\u0131mc\u0131 olmay\u0131 ama\u00e7lar.<\/p>\n<p style=\"text-align: left;\">Sistemin ana hedefleri \u015fu \u015fekildedir:<\/p>\n<p style=\"text-align: left;\"><strong>1.KE\u015eFET:<\/strong> Analizler ile \u015firketlerin inovasyon ve yarat\u0131c\u0131l\u0131k yeteneklerini ke\u015ffetmelerine yard\u0131mc\u0131 olmak.<\/p>\n<p style=\"text-align: left;\"><strong>2.YARAT:<\/strong> E\u011fitim, At\u00f6lye ve Ko\u00e7luklar ile \u00e7al\u0131\u015fanlarda olu\u015fturulan yarat\u0131c\u0131 enerjiyi ve inovasyon k\u00fclt\u00fcr\u00fcn\u00fc \u015firkete yaymak.<\/p>\n<p style=\"text-align: left;\"><strong>3.D\u00d6N\u00dc\u015eT\u00dcR:<\/strong> Olu\u015fturulan i\u015fleyi\u015f, prosed\u00fcr ve kurum i\u00e7i yeni fikir toplama sistem ile d\u00f6n\u00fc\u015f\u00fcm\u00fc te\u015fvik ederek s\u00fcrd\u00fcr\u00fclebilir b\u00fcy\u00fcme sa\u011flamak.<\/p>\n<p>&nbsp;<\/p>\n<p style=\"text-align: left;\"><strong>S\u00fcre\u00e7 Bile\u015fenleri:<\/strong><\/p>\n<p style=\"text-align: left;\">Payda\u015flar<\/p>\n<p style=\"text-align: left;\"><strong>1.Proje Koordinat\u00f6r\u00fc:<\/strong> Projenin genel koordinasyonunu sa\u011flar.<\/p>\n<p style=\"text-align: left;\"><strong>2.\u0130novasyon Tak\u0131mlar\u0131:<\/strong> Her bir etapta belirlenen g\u00f6revleri yerine getirir.<\/p>\n<p style=\"text-align: left;\"><strong>3.Ko\u00e7 E\u011fitmen ve Mentorlar:<\/strong> Yarat\u0131c\u0131 s\u00fcre\u00e7leri destekler ve rehberlik eder.<\/p>\n<p style=\"text-align: left;\"><strong>4.\u00dcst Y\u00f6netim:<\/strong> Projenin stratejik uyumunu ve s\u00fcrd\u00fcr\u00fclebilirli\u011fini sa\u011flar.<\/p>\n<p>&nbsp;<\/p>\n<p style=\"text-align: left;\"><strong>Performans G\u00f6stergeleri<\/strong><\/p>\n<p style=\"text-align: left;\">Projenin ba\u015far\u0131s\u0131n\u0131 \u00f6l\u00e7mek i\u00e7in belirlenen ana performans g\u00f6stergeleri \u015funlard\u0131r:<\/p>\n<p style=\"text-align: left;\"><strong>1.\u0130novasyon Yetenek Haritas\u0131:<\/strong> \u00c7al\u0131\u015fanlar\u0131n inovasyon yetkinliklerinin ve kurumun inovasyon kapasitesinin y\u00fcksek do\u011frulukla tespit edilmesi.<\/p>\n<p style=\"text-align: left;\"><strong>2.Yarat\u0131c\u0131 Projeler:<\/strong> Kurumla belirlenecek say\u0131da inovatif projenin ba\u015flat\u0131lmas\u0131.<\/p>\n<p style=\"text-align: left;\"><strong>3.Te\u015fvik ve \u00d6d\u00fcl Sistemi:<\/strong> \u00c7al\u0131\u015fan memnuniyetinin art\u0131r\u0131lmas\u0131.<\/p>\n<p>&nbsp;<\/p>\n<p style=\"text-align: left;\">Bug\u00fcne Kadar Olan Performans<\/p>\n<p style=\"text-align: left;\"><strong>1.2006&#8217;dan bu yana:<\/strong> 750+ m\u00fc\u015fteri ile ba\u015far\u0131l\u0131 i\u015f birlikleri.<\/p>\n<p style=\"text-align: left;\"><strong>2.\u0130novasyon Analizi:<\/strong> 400+ \u015firket i\u00e7in inovasyon analizi.<\/p>\n<p style=\"text-align: left;\"><strong>3.Yarat\u0131c\u0131 Projeler:<\/strong> 10000+ yarat\u0131c\u0131 proje.<\/p>\n<p>&nbsp;<\/p>\n<p style=\"text-align: left;\"><strong>Kurumsal \u0130novasyon Sistemi ile gelece\u011fi birlikte in\u015fa edelim.<\/strong><\/p>\n<\/blockquote>\n<p><\/div><\/div>[\/vc_column][\/vc_row][vc_row disable_element=&#8221;yes&#8221;][vc_column][vc_tta_accordion shape=&#8221;square&#8221; color=&#8221;juicy-pink&#8221; active_section=&#8221;1&#8243;][vc_tta_section title=&#8221;D\u0130\u011eER E\u011e\u0130T\u0130M PROGRAMLARIMIZ&#8221; tab_id=&#8221;1598615902137-ca30849a-87e3&#8243;]<style type=\"text\/css\" data-type=\"the7_shortcodes-inline-css\">.icon-with-text-shortcode.icon-text-id-b908eab83fc11bf73ad405b7741c99df .text-icon {\n  width: 60px;\n  height: 60px;\n  line-height: 60px;\n  font-size: 32px;\n  border-radius: 200px;\n  margin: 0px 0px 0px 0px;\n}\n.icon-with-text-shortcode.icon-text-id-b908eab83fc11bf73ad405b7741c99df .text-icon .icon-inner {\n  min-width: 60px;\n  min-height: 60px;\n  border-radius: 200px;\n}\n@media all and (-ms-high-contrast: none) {\n  .icon-with-text-shortcode.icon-text-id-b908eab83fc11bf73ad405b7741c99df .text-icon .icon-inner {\n    height: 60px;\n  }\n}\n.icon-with-text-shortcode.icon-text-id-b908eab83fc11bf73ad405b7741c99df .text-icon .dt-hover-icon {\n  line-height: 60px;\n}\n.icon-with-text-shortcode.icon-text-id-b908eab83fc11bf73ad405b7741c99df .text-icon:before,\n.icon-with-text-shortcode.icon-text-id-b908eab83fc11bf73ad405b7741c99df .text-icon:after,\n.icon-with-text-shortcode.icon-text-id-b908eab83fc11bf73ad405b7741c99df .text-icon .icon-inner:before,\n.icon-with-text-shortcode.icon-text-id-b908eab83fc11bf73ad405b7741c99df .text-icon .icon-inner:after {\n  min-width: 100%;\n  min-height: 100%;\n  padding: inherit;\n  border-radius: inherit;\n}\n.icon-with-text-shortcode.icon-text-id-b908eab83fc11bf73ad405b7741c99df .text-icon.dt-icon-border-on:before {\n  border-width: 2px;\n  border-style: solid;\n}\n.dt-icon-border-dashed.icon-with-text-shortcode.icon-text-id-b908eab83fc11bf73ad405b7741c99df .text-icon.dt-icon-border-on:before {\n  border-style: dashed;\n}\n.dt-icon-border-dotted.icon-with-text-shortcode.icon-text-id-b908eab83fc11bf73ad405b7741c99df .text-icon.dt-icon-border-on:before {\n  border-style: dotted;\n}\n.dt-icon-border-double.icon-with-text-shortcode.icon-text-id-b908eab83fc11bf73ad405b7741c99df .text-icon.dt-icon-border-on:before {\n  border-style: double;\n}\n.icon-with-text-shortcode.icon-text-id-b908eab83fc11bf73ad405b7741c99df .text-icon.dt-icon-border-dashed.dt-icon-border-on:before {\n  border-style: dashed;\n}\n.icon-with-text-shortcode.icon-text-id-b908eab83fc11bf73ad405b7741c99df .text-icon.dt-icon-border-dotted.dt-icon-border-on:before {\n  border-style: dotted;\n}\n.icon-with-text-shortcode.icon-text-id-b908eab83fc11bf73ad405b7741c99df .text-icon.dt-icon-border-double.dt-icon-border-on:before {\n  border-style: double;\n}\n.icon-with-text-shortcode.icon-text-id-b908eab83fc11bf73ad405b7741c99df .text-icon.dt-icon-hover-border-on:after {\n  border-width: 2px;\n  border-style: solid;\n}\n.icon-with-text-shortcode.icon-text-id-b908eab83fc11bf73ad405b7741c99df .text-icon.dt-icon-border-dashed.dt-icon-hover-border-on:after {\n  border-style: dashed;\n}\n.icon-with-text-shortcode.icon-text-id-b908eab83fc11bf73ad405b7741c99df .text-icon.dt-icon-border-dotted.dt-icon-hover-border-on:after {\n  border-style: dotted;\n}\n.icon-with-text-shortcode.icon-text-id-b908eab83fc11bf73ad405b7741c99df .text-icon.dt-icon-border-double.dt-icon-hover-border-on:after {\n  border-style: double;\n}\n.icon-with-text-shortcode.icon-text-id-b908eab83fc11bf73ad405b7741c99df .text-icon.dt-icon-hover-on:hover {\n  font-size: 32px;\n}\n#page .icon-with-text-shortcode.icon-text-id-b908eab83fc11bf73ad405b7741c99df .text-icon.dt-icon-hover-on:hover .soc-font-icon,\n#phantom .icon-with-text-shortcode.icon-text-id-b908eab83fc11bf73ad405b7741c99df .text-icon.dt-icon-hover-on:hover .soc-font-icon,\n#page .icon-with-text-shortcode.icon-text-id-b908eab83fc11bf73ad405b7741c99df .text-icon.dt-icon-hover-on:hover .soc-icon,\n#phantom .icon-with-text-shortcode.icon-text-id-b908eab83fc11bf73ad405b7741c99df .text-icon.dt-icon-hover-on:hover .soc-icon {\n  color: #fff;\n  background: none;\n}\n#page .icon-with-text-shortcode.icon-text-id-b908eab83fc11bf73ad405b7741c99df .text-icon.dt-icon-hover-on:not(:hover) .soc-font-icon,\n#phantom .icon-with-text-shortcode.icon-text-id-b908eab83fc11bf73ad405b7741c99df .text-icon.dt-icon-hover-on:not(:hover) .soc-font-icon,\n#page .icon-with-text-shortcode.icon-text-id-b908eab83fc11bf73ad405b7741c99df .text-icon.dt-icon-hover-on:not(:hover) .soc-icon,\n#phantom .icon-with-text-shortcode.icon-text-id-b908eab83fc11bf73ad405b7741c99df .text-icon.dt-icon-hover-on:not(:hover) .soc-icon,\n#page .icon-with-text-shortcode.icon-text-id-b908eab83fc11bf73ad405b7741c99df .text-icon.dt-icon-hover-off .soc-font-icon,\n#phantom .icon-with-text-shortcode.icon-text-id-b908eab83fc11bf73ad405b7741c99df .text-icon.dt-icon-hover-off .soc-font-icon,\n#page .icon-with-text-shortcode.icon-text-id-b908eab83fc11bf73ad405b7741c99df .text-icon.dt-icon-hover-off .soc-icon,\n#phantom .icon-with-text-shortcode.icon-text-id-b908eab83fc11bf73ad405b7741c99df .text-icon.dt-icon-hover-off .soc-icon {\n  color: #fff;\n  background: none;\n}\n.icon-with-text-shortcode.icon-text-id-b908eab83fc11bf73ad405b7741c99df.layout-1 {\n  grid-template-columns: 60px minmax(0,1fr);\n  grid-column-gap: 0px;\n}\n.icon-with-text-shortcode.icon-text-id-b908eab83fc11bf73ad405b7741c99df.layout-2 {\n  grid-template-columns: minmax(0,1fr) 60px;\n  grid-column-gap: 0px;\n}\n.icon-with-text-shortcode.icon-text-id-b908eab83fc11bf73ad405b7741c99df.layout-2 .text-icon {\n  margin-left: 0;\n}\n.icon-with-text-shortcode.icon-text-id-b908eab83fc11bf73ad405b7741c99df.layout-3 {\n  grid-template-columns: 60px minmax(0,1fr);\n}\n.icon-with-text-shortcode.icon-text-id-b908eab83fc11bf73ad405b7741c99df.layout-3 .dt-text-title {\n  margin-left: 0px;\n}\n.icon-with-text-shortcode.icon-text-id-b908eab83fc11bf73ad405b7741c99df .dt-text-title,\n.icon-with-text-shortcode.icon-text-id-b908eab83fc11bf73ad405b7741c99df .dt-text-title a {\n  font-weight: bold;\n}\n.icon-with-text-shortcode.icon-text-id-b908eab83fc11bf73ad405b7741c99df .dt-text-title {\n  margin-bottom: 0px;\n}\n.icon-with-text-shortcode.icon-text-id-b908eab83fc11bf73ad405b7741c99df .dt-text-desc {\n  margin-bottom: 0px;\n}<\/style><div class=\"icon-with-text-shortcode  icon-text-id-b908eab83fc11bf73ad405b7741c99df layout-5  \" ><h4 class=\"dt-text-title\"  >Di\u011fer e\u011fitimlerimiz hakk\u0131nda detaylar i\u00e7in<\/h4><a href=\"http:\/\/www.gelisimgezginleri.com\/?page_id=111\" class=\"anchor-link  default-btn-shortcode dt-btn dt-btn-s link-hover-off\" target=\"_blank\" rel=\"noopener\"><span>TIKLAYINIZ<\/span><\/a><\/div>[\/vc_tta_section][\/vc_tta_accordion][\/vc_column][\/vc_row]<\/p>\n","protected":false},"excerpt":{"rendered":"<p>[vc_row][vc_column width=&#8221;1\/2&#8243;][vc_single_image image=&#8221;854&#8243; img_size=&#8221;large&#8221; lazy_loading=&#8221;true&#8221;][vc_empty_space][\/vc_column][vc_column width=&#8221;1\/2&#8243;][\/vc_column][\/vc_row][vc_row disable_element=&#8221;yes&#8221;][vc_column][vc_tta_accordion shape=&#8221;square&#8221; color=&#8221;juicy-pink&#8221; active_section=&#8221;1&#8243;][vc_tta_section title=&#8221;D\u0130\u011eER E\u011e\u0130T\u0130M PROGRAMLARIMIZ&#8221; tab_id=&#8221;1598615902137-ca30849a-87e3&#8243;][\/vc_tta_section][\/vc_tta_accordion][\/vc_column][\/vc_row]<\/p>\n","protected":false},"author":1,"featured_media":0,"parent":706,"menu_order":0,"comment_status":"closed","ping_status":"closed","template":"","meta":{"footnotes":""},"class_list":["post-792","page","type-page","status-publish","hentry","description-off"],"_links":{"self":[{"href":"http:\/\/www.gelisimgezginleri.com\/index.php?rest_route=\/wp\/v2\/pages\/792","targetHints":{"allow":["GET"]}}],"collection":[{"href":"http:\/\/www.gelisimgezginleri.com\/index.php?rest_route=\/wp\/v2\/pages"}],"about":[{"href":"http:\/\/www.gelisimgezginleri.com\/index.php?rest_route=\/wp\/v2\/types\/page"}],"author":[{"embeddable":true,"href":"http:\/\/www.gelisimgezginleri.com\/index.php?rest_route=\/wp\/v2\/users\/1"}],"replies":[{"embeddable":true,"href":"http:\/\/www.gelisimgezginleri.com\/index.php?rest_route=%2Fwp%2Fv2%2Fcomments&post=792"}],"version-history":[{"count":13,"href":"http:\/\/www.gelisimgezginleri.com\/index.php?rest_route=\/wp\/v2\/pages\/792\/revisions"}],"predecessor-version":[{"id":924,"href":"http:\/\/www.gelisimgezginleri.com\/index.php?rest_route=\/wp\/v2\/pages\/792\/revisions\/924"}],"up":[{"embeddable":true,"href":"http:\/\/www.gelisimgezginleri.com\/index.php?rest_route=\/wp\/v2\/pages\/706"}],"wp:attachment":[{"href":"http:\/\/www.gelisimgezginleri.com\/index.php?rest_route=%2Fwp%2Fv2%2Fmedia&parent=792"}],"curies":[{"name":"wp","href":"https:\/\/api.w.org\/{rel}","templated":true}]}}