{"id":781,"date":"2020-08-27T21:31:55","date_gmt":"2020-08-27T21:31:55","guid":{"rendered":"http:\/\/www.gelisimgezginleri.com\/?page_id=781"},"modified":"2020-08-27T21:31:55","modified_gmt":"2020-08-27T21:31:55","slug":"ino-workshop","status":"publish","type":"page","link":"http:\/\/www.gelisimgezginleri.com\/?page_id=781","title":{"rendered":"Ino Workshop"},"content":{"rendered":"<p>[vc_row][vc_column width=&#8221;1\/2&#8243;][vc_single_image image=&#8221;782&#8243; img_size=&#8221;large&#8221; lazy_loading=&#8221;true&#8221;][\/vc_column][vc_column width=&#8221;1\/2&#8243;]<div id=\"ultimate-heading-625069e4b466a25b8\" class=\"uvc-heading ult-adjust-bottom-margin ultimate-heading-625069e4b466a25b8 uvc-3174  uvc-heading-default-font-sizes\" data-hspacer=\"no_spacer\"  data-halign=\"center\" style=\"text-align:center\"><div class=\"uvc-heading-spacer no_spacer\" style=\"top\"><\/div><div class=\"uvc-main-heading ult-responsive\"  data-ultimate-target='.uvc-heading.ultimate-heading-625069e4b466a25b8 h2'  data-responsive-json-new='{\"font-size\":\"\",\"line-height\":\"\"}' ><h2 style=\"--font-weight:theme;\">YEN\u0130L\u0130K\u00c7\u0130 F\u0130K\u0130RLER\u0130N YE\u015eEREB\u0130LECE\u011e\u0130 B\u0130R K\u00dcLT\u00dcR OLU\u015eTURMAK \u0130STER M\u0130S\u0130N\u0130Z?<\/h2><\/div><div class=\"uvc-sub-heading ult-responsive\"  data-ultimate-target='.uvc-heading.ultimate-heading-625069e4b466a25b8 .uvc-sub-heading '  data-responsive-json-new='{\"font-size\":\"\",\"line-height\":\"\"}'  style=\"font-weight:normal;\"><\/p>\n<blockquote><p><strong>\u0130\u015fletmelerde ortaya \u00e7\u0131kan yarat\u0131c\u0131 fikirlerin bir\u00e7o\u011funun etkili \u015fekilde aktar\u0131lamad\u0131\u011f\u0131 veya \u00fcstleri taraf\u0131ndan dikkate al\u0131nmad\u0131\u011f\u0131 i\u00e7in \u00e7\u00f6pe gitti\u011fini biliyor musunuz?<\/strong><\/p><\/blockquote>\n<p>&nbsp;<\/p>\n<p>\u015eirketinizde var olan yeni ve parlak fikir hazinesini, y\u0131llar\u0131n evrensel bilgi, tecr\u00fcbe ve g\u00fc\u00e7l\u00fc ara\u00e7lar\u0131yla ortaya \u00e7\u0131kartman\u0131za destek oluyoruz.<\/p>\n<p>Daha g\u00fc\u00e7l\u00fc ve s\u00fcrd\u00fcr\u00fclebilir yar\u0131nlar i\u00e7in yol arkada\u015f\u0131n\u0131z olarak yan\u0131n\u0131zday\u0131z.<\/p>\n<p>&nbsp;<\/p>\n<p><strong>H\u0130KAYEM\u0130Z<\/strong><\/p>\n<p>Biri \u0130NOVASYON di\u011feri KO\u00c7LU\u011eUN iki ustas\u0131, bir arada at\u00f6lye yaparsa ne olur?<\/p>\n<p>\u0130stedik ki;<\/p>\n<p>Pandemi d\u00f6neminin zorlukluklar\u0131yla m\u00fccadele eden \u015firketlere &#8220;arad\u0131\u011f\u0131m\u0131z i\u015fte bu ! &#8221; diyecekleri g\u00fc\u00e7l\u00fc i\u00e7erikler payla\u015fal\u0131m.<\/p>\n<p>Sorunlar\u0131n\u0131 al\u0131\u015f\u0131lm\u0131\u015f\u0131n d\u0131\u015f\u0131nda yeni fikirler ke\u015ffederek \u00e7\u00f6zmelerine destek olal\u0131m. Yarat\u0131c\u0131l\u0131k kaslar\u0131n\u0131 g\u00fc\u00e7lendirip, d\u00fc\u015fen motivasyonlar\u0131n\u0131 e\u011flenceli s\u00fcre\u00e7lerle y\u00fckseltelim.<\/p>\n<p>Uzmanl\u0131k alanlar\u0131nda fark yaratan <strong><span style=\"color: #ff6600;\">Geli\u015fim Gezginleri<\/span> <\/strong>ve <strong><span style=\"color: #ff6600;\">\u0130novasyon Uzman\u0131<\/span><\/strong> ortak \u00e7al\u0131\u015fmas\u0131yla sundu\u011fumuz, yarat\u0131c\u0131l\u0131k ve inovasyon s\u00fcre\u00e7lerinde kullan\u0131lan kuvvetli disiplinleri, yeni nesil oyunla\u015ft\u0131rma uygulamalar\u0131yla g\u00fcncelledi\u011fimiz; dinamik, meydan okuyan, fark yaratan at\u00f6lyemiz tam size g\u00f6re.<\/div><\/div>[\/vc_column][\/vc_row][vc_row][vc_column][vc_tta_accordion shape=&#8221;square&#8221; color=&#8221;juicy-pink&#8221; active_section=&#8221;1&#8243;][vc_tta_section title=&#8221;YEN\u0130 F\u0130K\u0130R AT\u00d6LYES\u0130 NE ZAMAN \u0130\u015eE YARAR?&#8221; tab_id=&#8221;1598563271758-d0635533-f1e5&#8243;]<div id=\"ultimate-heading-731369e4b466a262a\" class=\"uvc-heading ult-adjust-bottom-margin ultimate-heading-731369e4b466a262a uvc-8586  uvc-heading-default-font-sizes\" data-hspacer=\"no_spacer\"  data-halign=\"center\" style=\"text-align:center\"><div class=\"uvc-heading-spacer no_spacer\" style=\"top\"><\/div><div class=\"uvc-sub-heading ult-responsive\"  data-ultimate-target='.uvc-heading.ultimate-heading-731369e4b466a262a .uvc-sub-heading '  data-responsive-json-new='{\"font-size\":\"\",\"line-height\":\"\"}'  style=\"font-weight:normal;\"><\/p>\n<p style=\"text-align: left;\"><strong><span style=\"color: #ff6600;\">YEN\u0130L\u0130K VE PROBLEM \u00c7\u00d6ZME<\/span><\/strong><\/p>\n<p style=\"text-align: left;\">Herhangi bir konuda yenilik yapmak veya tespit etti\u011finiz problemleri \u00e7\u00f6zmek istedi\u011finizde<\/p>\n<p style=\"text-align: left;\">Sat\u0131\u015f, pazarlama, \u00fcr\u00fcn, uygulama vb.<\/p>\n<p style=\"text-align: left;\"><strong><span style=\"color: #ff6600;\">FIRSATLARI G\u00d6REB\u0130LME<\/span><\/strong><\/p>\n<p style=\"text-align: left;\">M\u00fc\u015fterilerinizin kar\u015f\u0131lanmam\u0131\u015f ihtiya\u00e7lar\u0131n\u0131 ve bo\u015fluklar\u0131n\u0131 bulmak istedi\u011finizde<\/p>\n<p style=\"text-align: left;\"><strong><span style=\"color: #ff6600;\">BO\u015eLUKLARI KE\u015eFETME<\/span><\/strong><\/p>\n<p style=\"text-align: left;\">\u00c7al\u0131\u015ft\u0131\u011f\u0131n\u0131z sekt\u00f6r ve piyasan\u0131n farkl\u0131 y\u00f6nlerini ke\u015ffetmek istedi\u011finizde<\/p>\n<p style=\"text-align: left;\"><strong><span style=\"color: #ff6600;\">FARKLILA\u015eMA<\/span><\/strong><\/p>\n<p style=\"text-align: left;\">Yeni i\u015f modelleri ortaya \u00e7\u0131kartmak veya rutini k\u0131rmak istedi\u011finizde<\/p>\n<p style=\"text-align: left;\"><strong><span style=\"color: #ff6600;\">REKABETTE \u00d6NE GE\u00c7ME<\/span><\/strong><\/p>\n<p style=\"text-align: left;\">Sekt\u00f6r\u00fcn\u00fczde a\u00e7\u0131klar\u0131 ke\u015ffedip \u00f6ne ge\u00e7mek istedi\u011finizde<\/p>\n<p><\/div><\/div>[\/vc_tta_section][vc_tta_section title=&#8221;YEN\u0130 F\u0130K\u0130R AT\u00d6LYES\u0130 YARARLARI&#8221; tab_id=&#8221;1598563271780-18784456-cae9&#8243;]<div id=\"ultimate-heading-957369e4b466a264d\" class=\"uvc-heading ult-adjust-bottom-margin ultimate-heading-957369e4b466a264d uvc-7760  uvc-heading-default-font-sizes\" data-hspacer=\"no_spacer\"  data-halign=\"center\" style=\"text-align:center\"><div class=\"uvc-heading-spacer no_spacer\" style=\"top\"><\/div><div class=\"uvc-sub-heading ult-responsive\"  data-ultimate-target='.uvc-heading.ultimate-heading-957369e4b466a264d .uvc-sub-heading '  data-responsive-json-new='{\"font-size\":\"\",\"line-height\":\"\"}'  style=\"font-weight:normal;\"><\/p>\n<p style=\"text-align: left;\"><strong><span style=\"color: #ff6600;\">YEN\u0130L\u0130K\u00c7\u0130L\u0130K<\/span><\/strong><\/p>\n<p style=\"text-align: left;\">Yarat\u0131c\u0131 ve yenilik\u00e7i yan\u0131n\u0131z\u0131 ke\u015ffettirir ve geli\u015ftirir.<\/p>\n<p style=\"text-align: left;\"><strong><span style=\"color: #ff6600;\">TEKN\u0130K VE BECER\u0130 SET\u0130 <\/span><\/strong><\/p>\n<p style=\"text-align: left;\">D\u00fcnya\u2019daki en g\u00fc\u00e7l\u00fc yarat\u0131c\u0131 fikir \u00e7\u0131kartma tekniklerini pratik deneyim ile birle\u015ftirir.<\/p>\n<p style=\"text-align: left;\"><strong><span style=\"color: #ff6600;\">YARATICILIK K\u00dcLT\u00dcR\u00dc <\/span><\/strong><\/p>\n<p style=\"text-align: left;\">Yarat\u0131c\u0131 k\u00fclt\u00fcr\u00fc geli\u015ftirmek i\u00e7in yarat\u0131c\u0131l\u0131\u011f\u0131 engelleyen etmenleri ke\u015ffetmenizi ve a\u015fman\u0131z\u0131 destekler.<\/p>\n<p style=\"text-align: left;\"><strong><span style=\"color: #ff6600;\">YARATICI PROBLEM \u00c7\u00d6ZME<\/span><\/strong><\/p>\n<p style=\"text-align: left;\">Sorun ve problemleri engel yerine, fark yaratmak i\u00e7in bir f\u0131rsat olarak g\u00f6rme bak\u0131\u015f a\u00e7\u0131s\u0131 kazand\u0131r\u0131r.<\/p>\n<p style=\"text-align: left;\"><strong><span style=\"color: #ff6600;\">\u00d6\u011eRENMEY\u0130 DER\u0130NLE\u015eT\u0130RME<\/span><\/strong><\/p>\n<p style=\"text-align: left;\">At\u00f6lye \u00e7al\u0131\u015fmalar\u0131n\u0131 destekleyen saha \u00e7al\u0131\u015fmalar\u0131 ile \u00f6\u011frenmeyi derinle\u015ftirir.<\/p>\n<p style=\"text-align: left;\"><strong><span style=\"color: #ff6600;\">D\u00d6N\u00dc\u015e\u00dcM KATAL\u0130Z\u00d6R\u00dc<\/span><\/strong><\/p>\n<p style=\"text-align: left;\">Mentorluk ve Ko\u00e7luk deste\u011fi vererek de\u011fi\u015fimi h\u0131zland\u0131r\u0131r.<\/p>\n<p><\/div><\/div>[\/vc_tta_section][vc_tta_section title=&#8221;S\u00dcRE\u00c7&#8221; tab_id=&#8221;1598563542023-811ffda4-11fb&#8221;]<div id=\"ultimate-heading-50569e4b466a2671\" class=\"uvc-heading ult-adjust-bottom-margin ultimate-heading-50569e4b466a2671 uvc-2181  uvc-heading-default-font-sizes\" data-hspacer=\"no_spacer\"  data-halign=\"center\" style=\"text-align:center\"><div class=\"uvc-heading-spacer no_spacer\" style=\"top\"><\/div><div class=\"uvc-sub-heading ult-responsive\"  data-ultimate-target='.uvc-heading.ultimate-heading-50569e4b466a2671 .uvc-sub-heading '  data-responsive-json-new='{\"font-size\":\"\",\"line-height\":\"\"}'  style=\"font-weight:normal;\"><\/p>\n<p style=\"text-align: left;\"><strong><span style=\"color: #ff6600;\">T.E.S<\/span><\/strong><\/p>\n<p style=\"text-align: left;\"><strong><span style=\"color: #ff6600;\">1.TARAMA <\/span><\/strong><\/p>\n<p style=\"text-align: left;\"><span style=\"color: #ff6600;\">Analiz \u00c7al\u0131\u015fmas\u0131<\/span><\/p>\n<p style=\"text-align: left;\">Uzmanlar\u0131m\u0131z taraf\u0131ndan yap\u0131lan \u00f6n \u00e7al\u0131\u015fmada yeni fikir bulunulacak alan ve kuruma \u00f6zel seans stratejisi belirlenir. Proje b\u00fcy\u00fckl\u00fc\u011f\u00fcne ve ihtiyaca ba\u011fl\u0131 olarak &#8220;\u0130novasyon Zeka ve K\u00fclt\u00fcr Analizleri&#8221; ile kurumun &#8220;\u0130novasyon Yetkinlik Haritas\u0131&#8221; \u00e7\u0131kart\u0131l\u0131r.<\/p>\n<p style=\"text-align: left;\"><strong><span style=\"color: #ff6600;\">2. EGZERS\u0130Z<\/span><\/strong><\/p>\n<p style=\"text-align: left;\"><span style=\"color: #ff6600;\">Yeni Fikir Egzersizleri<\/span><\/p>\n<p style=\"text-align: left;\">At\u00f6lye \u00e7al\u0131\u015fmalar\u0131nda 3 S -3 Dakika S\u0131ral\u0131 Sa\u00e7malama Seanslar\u0131 ve di\u011fer teknikler ile d\u00fc\u015f\u00fcnce kal\u0131plar\u0131 k\u0131r\u0131larak yarat\u0131c\u0131, yenilik\u00e7i ve inovatif fikirler ortaya \u00e7\u0131kart\u0131l\u0131r.<\/p>\n<p style=\"text-align: left;\"><strong><span style=\"color: #ff6600;\">3.SE\u00c7ME<\/span><\/strong><\/p>\n<p style=\"text-align: left;\"><span style=\"color: #ff6600;\">Yeni, Yenilik\u00e7i ve Uygulanabilir Fikirlerin Se\u00e7imi<\/span><\/p>\n<p style=\"text-align: left;\">At\u00f6lye ve egzersiz \u00e7al\u0131\u015fmalar\u0131 sonucunda olu\u015fan yarat\u0131c\u0131 fikirlerin i\u00e7erisinden en yeni ve katma de\u011fer \u00fcretme potansiyeli olanlar belirlenir.<\/p>\n<p><\/div><\/div>[\/vc_tta_section][vc_tta_section title=&#8221;D\u0130\u011eER E\u011e\u0130T\u0130M PROGRAMLARIMIZ&#8221; tab_id=&#8221;1598563696865-fb8b6207-fb7a&#8221;]<style type=\"text\/css\" data-type=\"the7_shortcodes-inline-css\">.icon-with-text-shortcode.icon-text-id-933242e5722c57e76093b2e49d6c9bc3 .text-icon {\n  width: 60px;\n  height: 60px;\n  line-height: 60px;\n  font-size: 32px;\n  border-radius: 200px;\n  margin: 0px 0px 0px 0px;\n}\n.icon-with-text-shortcode.icon-text-id-933242e5722c57e76093b2e49d6c9bc3 .text-icon .icon-inner {\n  min-width: 60px;\n  min-height: 60px;\n  border-radius: 200px;\n}\n@media all and (-ms-high-contrast: none) {\n  .icon-with-text-shortcode.icon-text-id-933242e5722c57e76093b2e49d6c9bc3 .text-icon .icon-inner {\n    height: 60px;\n  }\n}\n.icon-with-text-shortcode.icon-text-id-933242e5722c57e76093b2e49d6c9bc3 .text-icon .dt-hover-icon {\n  line-height: 60px;\n}\n.icon-with-text-shortcode.icon-text-id-933242e5722c57e76093b2e49d6c9bc3 .text-icon:before,\n.icon-with-text-shortcode.icon-text-id-933242e5722c57e76093b2e49d6c9bc3 .text-icon:after,\n.icon-with-text-shortcode.icon-text-id-933242e5722c57e76093b2e49d6c9bc3 .text-icon .icon-inner:before,\n.icon-with-text-shortcode.icon-text-id-933242e5722c57e76093b2e49d6c9bc3 .text-icon .icon-inner:after {\n  min-width: 100%;\n  min-height: 100%;\n  padding: inherit;\n  border-radius: inherit;\n}\n.icon-with-text-shortcode.icon-text-id-933242e5722c57e76093b2e49d6c9bc3 .text-icon.dt-icon-border-on:before {\n  border-width: 2px;\n  border-style: solid;\n}\n.dt-icon-border-dashed.icon-with-text-shortcode.icon-text-id-933242e5722c57e76093b2e49d6c9bc3 .text-icon.dt-icon-border-on:before {\n  border-style: dashed;\n}\n.dt-icon-border-dotted.icon-with-text-shortcode.icon-text-id-933242e5722c57e76093b2e49d6c9bc3 .text-icon.dt-icon-border-on:before {\n  border-style: dotted;\n}\n.dt-icon-border-double.icon-with-text-shortcode.icon-text-id-933242e5722c57e76093b2e49d6c9bc3 .text-icon.dt-icon-border-on:before {\n  border-style: double;\n}\n.icon-with-text-shortcode.icon-text-id-933242e5722c57e76093b2e49d6c9bc3 .text-icon.dt-icon-border-dashed.dt-icon-border-on:before {\n  border-style: dashed;\n}\n.icon-with-text-shortcode.icon-text-id-933242e5722c57e76093b2e49d6c9bc3 .text-icon.dt-icon-border-dotted.dt-icon-border-on:before {\n  border-style: dotted;\n}\n.icon-with-text-shortcode.icon-text-id-933242e5722c57e76093b2e49d6c9bc3 .text-icon.dt-icon-border-double.dt-icon-border-on:before {\n  border-style: double;\n}\n.icon-with-text-shortcode.icon-text-id-933242e5722c57e76093b2e49d6c9bc3 .text-icon.dt-icon-hover-border-on:after {\n  border-width: 2px;\n  border-style: solid;\n}\n.icon-with-text-shortcode.icon-text-id-933242e5722c57e76093b2e49d6c9bc3 .text-icon.dt-icon-border-dashed.dt-icon-hover-border-on:after {\n  border-style: dashed;\n}\n.icon-with-text-shortcode.icon-text-id-933242e5722c57e76093b2e49d6c9bc3 .text-icon.dt-icon-border-dotted.dt-icon-hover-border-on:after {\n  border-style: dotted;\n}\n.icon-with-text-shortcode.icon-text-id-933242e5722c57e76093b2e49d6c9bc3 .text-icon.dt-icon-border-double.dt-icon-hover-border-on:after {\n  border-style: double;\n}\n.icon-with-text-shortcode.icon-text-id-933242e5722c57e76093b2e49d6c9bc3 .text-icon.dt-icon-hover-on:hover {\n  font-size: 32px;\n}\n#page .icon-with-text-shortcode.icon-text-id-933242e5722c57e76093b2e49d6c9bc3 .text-icon.dt-icon-hover-on:hover .soc-font-icon,\n#phantom .icon-with-text-shortcode.icon-text-id-933242e5722c57e76093b2e49d6c9bc3 .text-icon.dt-icon-hover-on:hover .soc-font-icon,\n#page .icon-with-text-shortcode.icon-text-id-933242e5722c57e76093b2e49d6c9bc3 .text-icon.dt-icon-hover-on:hover .soc-icon,\n#phantom .icon-with-text-shortcode.icon-text-id-933242e5722c57e76093b2e49d6c9bc3 .text-icon.dt-icon-hover-on:hover .soc-icon {\n  color: #fff;\n  background: none;\n}\n#page .icon-with-text-shortcode.icon-text-id-933242e5722c57e76093b2e49d6c9bc3 .text-icon.dt-icon-hover-on:not(:hover) .soc-font-icon,\n#phantom .icon-with-text-shortcode.icon-text-id-933242e5722c57e76093b2e49d6c9bc3 .text-icon.dt-icon-hover-on:not(:hover) .soc-font-icon,\n#page .icon-with-text-shortcode.icon-text-id-933242e5722c57e76093b2e49d6c9bc3 .text-icon.dt-icon-hover-on:not(:hover) .soc-icon,\n#phantom .icon-with-text-shortcode.icon-text-id-933242e5722c57e76093b2e49d6c9bc3 .text-icon.dt-icon-hover-on:not(:hover) .soc-icon,\n#page .icon-with-text-shortcode.icon-text-id-933242e5722c57e76093b2e49d6c9bc3 .text-icon.dt-icon-hover-off .soc-font-icon,\n#phantom .icon-with-text-shortcode.icon-text-id-933242e5722c57e76093b2e49d6c9bc3 .text-icon.dt-icon-hover-off .soc-font-icon,\n#page .icon-with-text-shortcode.icon-text-id-933242e5722c57e76093b2e49d6c9bc3 .text-icon.dt-icon-hover-off .soc-icon,\n#phantom .icon-with-text-shortcode.icon-text-id-933242e5722c57e76093b2e49d6c9bc3 .text-icon.dt-icon-hover-off .soc-icon {\n  color: #fff;\n  background: none;\n}\n.icon-with-text-shortcode.icon-text-id-933242e5722c57e76093b2e49d6c9bc3.layout-1 {\n  grid-template-columns: 60px minmax(0,1fr);\n  grid-column-gap: 0px;\n}\n.icon-with-text-shortcode.icon-text-id-933242e5722c57e76093b2e49d6c9bc3.layout-2 {\n  grid-template-columns: minmax(0,1fr) 60px;\n  grid-column-gap: 0px;\n}\n.icon-with-text-shortcode.icon-text-id-933242e5722c57e76093b2e49d6c9bc3.layout-2 .text-icon {\n  margin-left: 0;\n}\n.icon-with-text-shortcode.icon-text-id-933242e5722c57e76093b2e49d6c9bc3.layout-3 {\n  grid-template-columns: 60px minmax(0,1fr);\n}\n.icon-with-text-shortcode.icon-text-id-933242e5722c57e76093b2e49d6c9bc3.layout-3 .dt-text-title {\n  margin-left: 0px;\n}\n.icon-with-text-shortcode.icon-text-id-933242e5722c57e76093b2e49d6c9bc3 .dt-text-title,\n.icon-with-text-shortcode.icon-text-id-933242e5722c57e76093b2e49d6c9bc3 .dt-text-title a {\n  font-weight: bold;\n}\n.icon-with-text-shortcode.icon-text-id-933242e5722c57e76093b2e49d6c9bc3 .dt-text-title {\n  margin-bottom: 0px;\n}\n.icon-with-text-shortcode.icon-text-id-933242e5722c57e76093b2e49d6c9bc3 .dt-text-desc {\n  margin-bottom: 0px;\n}<\/style><div class=\"icon-with-text-shortcode  icon-text-id-933242e5722c57e76093b2e49d6c9bc3 layout-5  \" ><h4 class=\"dt-text-title\"  >Di\u011fer e\u011fitimlerimiz hakk\u0131nda detaylar i\u00e7in<\/h4><a href=\"http:\/\/www.gelisimgezginleri.com\/?page_id=111\" class=\"anchor-link  default-btn-shortcode dt-btn dt-btn-s link-hover-off\"><span>TIKLAYINIZ<\/span><\/a><\/div>[\/vc_tta_section][\/vc_tta_accordion][\/vc_column][\/vc_row]<\/p>\n","protected":false},"excerpt":{"rendered":"<p>[vc_row][vc_column width=&#8221;1\/2&#8243;][vc_single_image image=&#8221;782&#8243; img_size=&#8221;large&#8221; lazy_loading=&#8221;true&#8221;][\/vc_column][vc_column width=&#8221;1\/2&#8243;][\/vc_column][\/vc_row][vc_row][vc_column][vc_tta_accordion shape=&#8221;square&#8221; color=&#8221;juicy-pink&#8221; active_section=&#8221;1&#8243;][vc_tta_section title=&#8221;YEN\u0130 F\u0130K\u0130R AT\u00d6LYES\u0130 NE ZAMAN \u0130\u015eE YARAR?&#8221; tab_id=&#8221;1598563271758-d0635533-f1e5&#8243;][\/vc_tta_section][vc_tta_section title=&#8221;YEN\u0130 F\u0130K\u0130R AT\u00d6LYES\u0130 YARARLARI&#8221; tab_id=&#8221;1598563271780-18784456-cae9&#8243;][\/vc_tta_section][vc_tta_section title=&#8221;S\u00dcRE\u00c7&#8221; tab_id=&#8221;1598563542023-811ffda4-11fb&#8221;][\/vc_tta_section][vc_tta_section title=&#8221;D\u0130\u011eER E\u011e\u0130T\u0130M PROGRAMLARIMIZ&#8221; tab_id=&#8221;1598563696865-fb8b6207-fb7a&#8221;][\/vc_tta_section][\/vc_tta_accordion][\/vc_column][\/vc_row]<\/p>\n","protected":false},"author":1,"featured_media":0,"parent":706,"menu_order":0,"comment_status":"closed","ping_status":"closed","template":"","meta":{"footnotes":""},"class_list":["post-781","page","type-page","status-publish","hentry","description-off"],"_links":{"self":[{"href":"http:\/\/www.gelisimgezginleri.com\/index.php?rest_route=\/wp\/v2\/pages\/781","targetHints":{"allow":["GET"]}}],"collection":[{"href":"http:\/\/www.gelisimgezginleri.com\/index.php?rest_route=\/wp\/v2\/pages"}],"about":[{"href":"http:\/\/www.gelisimgezginleri.com\/index.php?rest_route=\/wp\/v2\/types\/page"}],"author":[{"embeddable":true,"href":"http:\/\/www.gelisimgezginleri.com\/index.php?rest_route=\/wp\/v2\/users\/1"}],"replies":[{"embeddable":true,"href":"http:\/\/www.gelisimgezginleri.com\/index.php?rest_route=%2Fwp%2Fv2%2Fcomments&post=781"}],"version-history":[{"count":8,"href":"http:\/\/www.gelisimgezginleri.com\/index.php?rest_route=\/wp\/v2\/pages\/781\/revisions"}],"predecessor-version":[{"id":790,"href":"http:\/\/www.gelisimgezginleri.com\/index.php?rest_route=\/wp\/v2\/pages\/781\/revisions\/790"}],"up":[{"embeddable":true,"href":"http:\/\/www.gelisimgezginleri.com\/index.php?rest_route=\/wp\/v2\/pages\/706"}],"wp:attachment":[{"href":"http:\/\/www.gelisimgezginleri.com\/index.php?rest_route=%2Fwp%2Fv2%2Fmedia&parent=781"}],"curies":[{"name":"wp","href":"https:\/\/api.w.org\/{rel}","templated":true}]}}