{"id":751,"date":"2020-08-27T20:28:35","date_gmt":"2020-08-27T20:28:35","guid":{"rendered":"http:\/\/www.gelisimgezginleri.com\/?page_id=751"},"modified":"2024-09-10T13:56:48","modified_gmt":"2024-09-10T13:56:48","slug":"team-tools","status":"publish","type":"page","link":"http:\/\/www.gelisimgezginleri.com\/?page_id=751","title":{"rendered":"SATI\u015e EK\u0130PLER\u0130NE \u00d6ZEL YEN\u0130L\u0130K\u00c7\u0130 VE YARATICI D\u00dc\u015e\u00dcNME AT\u00d6LYES\u0130"},"content":{"rendered":"<p>[vc_row][vc_column width=&#8221;1\/2&#8243;][vc_single_image image=&#8221;915&#8243; img_size=&#8221;large&#8221; lazy_loading=&#8221;true&#8221;][\/vc_column][vc_column width=&#8221;1\/2&#8243;]<div id=\"ultimate-heading-324269dab68c4dc42\" class=\"uvc-heading ult-adjust-bottom-margin ultimate-heading-324269dab68c4dc42 uvc-3284  uvc-heading-default-font-sizes\" data-hspacer=\"no_spacer\"  data-halign=\"center\" style=\"text-align:center\"><div class=\"uvc-heading-spacer no_spacer\" style=\"top\"><\/div><div class=\"uvc-main-heading ult-responsive\"  data-ultimate-target='.uvc-heading.ultimate-heading-324269dab68c4dc42 h2'  data-responsive-json-new='{\"font-size\":\"\",\"line-height\":\"\"}' ><h2 style=\"--font-weight:theme;\">SATI\u015e EK\u0130PLER\u0130NE \u00d6ZEL YEN\u0130L\u0130K\u00c7\u0130 VE YARATICI D\u00dc\u015e\u00dcNME AT\u00d6LYES\u0130<\/h2><\/div><div class=\"uvc-sub-heading ult-responsive\"  data-ultimate-target='.uvc-heading.ultimate-heading-324269dab68c4dc42 .uvc-sub-heading '  data-responsive-json-new='{\"font-size\":\"\",\"line-height\":\"\"}'  style=\"font-weight:normal;\"><\/p>\n<p><span style=\"color: #000000;\"><strong>B\u0130R \u0130LK !<\/strong><\/span><\/p>\n<p><span style=\"color: #000000;\">Sat\u0131\u015f sekt\u00f6r\u00fcnden gelen Bir Sat\u0131\u015f Ko\u00e7u ve T\u00fcrkiye&#8217;nin \u00f6nde gelen Bir \u0130novasyon Ko\u00e7u i\u015f birli\u011fiyle tasarlad\u0131\u011f\u0131m\u0131z at\u00f6lye ve serisi, klasik sat\u0131\u015f y\u00f6ntemlerinin \u00f6tesine ge\u00e7meyi, yeni perspektifler kazand\u0131rmay\u0131 ve sat\u0131\u015f stratejilerinde d\u00f6n\u00fc\u015f\u00fcm sa\u011flamay\u0131 hedefliyor.<\/span><\/p>\n<p>&nbsp;<\/p>\n<p><strong><span style=\"color: #000000;\">DE\u011e\u0130\u015e\u0130M\u0130N ETK\u0130LER\u0130N\u0130 YEN\u0130L\u0130K\u00c7\u0130 BAKI\u015e A\u00c7ISI \u0130LE AVANTAJA \u00c7EV\u0130REB\u0130L\u0130R\u0130Z<\/span><\/strong><\/p>\n<p><span style=\"color: #000000;\">D\u00fcnya s\u00fcrekli de\u011fi\u015fiyor ve sat\u0131\u015f d\u00fcnyas\u0131 bundan nasibini al\u0131yor. <\/span><br \/>\n<span style=\"color: #000000;\">Ba\u015far\u0131l\u0131 olman\u0131n s\u0131rr\u0131 art\u0131k sadece geleneksel y\u00f6ntemlerde de\u011fil, yenilik\u00e7i d\u00fc\u015f\u00fcnce ve yarat\u0131c\u0131 yakla\u015f\u0131mlarda yat\u0131yor. <\/span><br \/>\n<span style=\"color: #000000;\">Sat\u0131\u015f ekiplerinizin rekabet avantaj\u0131n\u0131 korumas\u0131 ve ileriye ta\u015f\u0131mas\u0131 i\u00e7in, onlara s\u0131radan\u0131n \u00f6tesinde bir bak\u0131\u015f a\u00e7\u0131s\u0131 sunmaya HAZIR MISINIZ? <\/span><br \/>\n<span style=\"color: #000000;\">Etkileyici bir at\u00f6lye deneyimiyle, sat\u0131\u015f ekibinizin potansiyelini ortaya \u00e7\u0131karacak, s\u0131n\u0131rlar\u0131n\u0131 zorlayacak ve sat\u0131\u015f yakla\u015f\u0131mlar\u0131na yenilik katacaklar\u0131 \u00f6zel bir deneyim sunuyoruz.<\/span><\/p>\n<p><strong><span style=\"color: #000000;\">RAKAMLAR NE S\u00d6YL\u00dcYOR?<\/span><\/strong><\/p>\n<p><span style=\"color: #000000;\">Boston Consulting Group taraf\u0131ndan yap\u0131lan bir ara\u015ft\u0131rma, yenili\u011fe \u00f6ncelik veren \u015firketlerin gelir art\u0131\u015f\u0131nda emsallerinden 2,5 kat, k\u00e2r art\u0131\u015f\u0131nda ise yakla\u015f\u0131k 2 kat daha iyi performans g\u00f6sterdi\u011fini ortaya \u00e7\u0131kard\u0131. <\/span><br \/>\n<span style=\"color: #000000;\">Airbnb , Amazon ve Google gibi kurulu\u015flar\u0131n bu kadar ba\u015far\u0131l\u0131 olmas\u0131n\u0131n nedeni budur : yeni fikirleri payla\u015fmay\u0131, risk almay\u0131 ve ilerlemeyi te\u015fvik eden bir inovasyon k\u00fclt\u00fcr\u00fc geli\u015ftirmi\u015flerdir.<\/span><\/p>\n<p>&nbsp;<\/p>\n<p><span style=\"color: #000000;\">Yarat\u0131c\u0131 ve Yenilik\u00e7i Yakla\u015f\u0131mlar At\u00f6lyesi, <\/span><br \/>\n<span style=\"color: #000000;\">\u2022 \u0130nteraktif \u00e7al\u0131\u015fmalar, <\/span><br \/>\n<span style=\"color: #000000;\">\u2022 Yarat\u0131c\u0131 teknikler, <\/span><br \/>\n<span style=\"color: #000000;\">\u2022 Yarat\u0131c\u0131 kaslar\u0131n s\u0131n\u0131rlar\u0131n\u0131 zorlayan u\u00e7ma seanslar\u0131 ve <\/span><br \/>\n<span style=\"color: #000000;\">\u2022 Bol kahkaha ile dolu&#8230;<\/span><\/p>\n<p>&nbsp;<\/p>\n<p><span style=\"color: #000000;\">Bize ileti\u015fim bilgilerinizi b\u0131rak\u0131n, sizi hemen arayal\u0131m ve uzmanlar\u0131m\u0131zla online bir g\u00f6r\u00fc\u015fme ayarlayal\u0131m.<\/span><\/div><\/div>[\/vc_column][vc_column][vc_btn title=&#8221;HEMEN ARAYALIM&#8221; color=&#8221;danger&#8221; size=&#8221;lg&#8221; align=&#8221;right&#8221; link=&#8221;url:http%3A%2F%2Fwww.gelisimgezginleri.com%2F%23!%2Fconsultation&#8221;][\/vc_column][\/vc_row][vc_row disable_element=&#8221;yes&#8221;][vc_column][vc_tta_accordion shape=&#8221;square&#8221; color=&#8221;juicy-pink&#8221; active_section=&#8221;1&#8243;][vc_tta_section title=&#8221;\u0130\u00c7ER\u0130K&#8221; tab_id=&#8221;1598558129053-b0f9bb57-d695&#8243;]<div id=\"ultimate-heading-17569dab68c4dcc1\" class=\"uvc-heading ult-adjust-bottom-margin ultimate-heading-17569dab68c4dcc1 uvc-2672  uvc-heading-default-font-sizes\" data-hspacer=\"no_spacer\"  data-halign=\"center\" style=\"text-align:center\"><div class=\"uvc-heading-spacer no_spacer\" style=\"top\"><\/div><div class=\"uvc-main-heading ult-responsive\"  data-ultimate-target='.uvc-heading.ultimate-heading-17569dab68c4dcc1 h2'  data-responsive-json-new='{\"font-size\":\"\",\"line-height\":\"\"}' ><h2 style=\"--font-weight:theme;\">4 S\u00dcPER-V\u0130Z\u00d6R \u0130LE 4 AT\u00d6LYE<\/h2><\/div><div class=\"uvc-sub-heading ult-responsive\"  data-ultimate-target='.uvc-heading.ultimate-heading-17569dab68c4dcc1 .uvc-sub-heading '  data-responsive-json-new='{\"font-size\":\"\",\"line-height\":\"\"}'  style=\"font-weight:normal;\"><\/p>\n<p style=\"text-align: left;\"><strong>1<\/strong>-Tak\u0131m Ko\u00e7u S\u00fcper Vizyonu<\/p>\n<p style=\"text-align: left;\"><strong><span style=\"color: #00ff00;\">EZBER BOZAN TAKIM OLMAK<\/span><\/strong><\/p>\n<p style=\"text-align: left;\">Anla\u015fma<\/p>\n<p style=\"text-align: left;\"><strong>2<\/strong>-Geli\u015fim Ko\u00e7u S\u00fcper Vizyonu <strong><span style=\"color: #00ff00;\">\u0130LET\u0130\u015e\u0130M\u0130N YOL HAR\u0130TASI<\/span><\/strong><\/p>\n<p style=\"text-align: left;\">Farkl\u0131l\u0131k ve Ahenk<\/p>\n<p style=\"text-align: left;\"><strong>3<\/strong>-Psikolog S\u00fcper Vizyonu<\/p>\n<p style=\"text-align: left;\"><strong><span style=\"color: #00ff00;\">\u0130\u015eYER\u0130NDE MINDFULNESS<\/span><\/strong><\/p>\n<p style=\"text-align: left;\">Zor Durumlarda Duygusal Dayan\u0131kl\u0131l\u0131k<\/p>\n<p>&nbsp;<\/p>\n<p style=\"text-align: left;\"><strong>4<\/strong>-\u0130novasyon Ko\u00e7u S\u00fcper Vizyonu <span style=\"color: #00ff00;\"><strong>YARATICI SORUN \u00c7\u00d6ZME<\/strong><\/span><\/p>\n<p style=\"text-align: left;\">Yeni Fikir Bulma<\/p>\n<p><\/div><\/div>[\/vc_tta_section][vc_tta_section title=&#8221;TAKIM ARA\u00c7LARI 4X4 YARARLARI&#8221; tab_id=&#8221;1598558129084-1ba5e806-866a&#8221;]<div id=\"ultimate-heading-311669dab68c4dcfd\" class=\"uvc-heading ult-adjust-bottom-margin ultimate-heading-311669dab68c4dcfd uvc-6322  uvc-heading-default-font-sizes\" data-hspacer=\"no_spacer\"  data-halign=\"center\" style=\"text-align:center\"><div class=\"uvc-heading-spacer no_spacer\" style=\"top\"><\/div><div class=\"uvc-sub-heading ult-responsive\"  data-ultimate-target='.uvc-heading.ultimate-heading-311669dab68c4dcfd .uvc-sub-heading '  data-responsive-json-new='{\"font-size\":\"\",\"line-height\":\"\"}'  style=\"font-weight:normal;\"><\/p>\n<p style=\"text-align: left;\"><strong>NEDEN B\u00d6YLE B\u0130R AT\u00d6LYE VAR?<a class=\"dt-pswp-item\" href=\"http:\/\/www.gelisimgezginleri.com\/wp-content\/uploads\/2020\/08\/takim4x4ilk.jpg\" data-dt-img-description=\"\" data-large_image_width=\"657\" data-large_image_height=\"731\"><img fetchpriority=\"high\" decoding=\"async\" class=\"wp-image-764 alignright\" src=\"http:\/\/www.gelisimgezginleri.com\/wp-content\/uploads\/2020\/08\/takim4x4ilk.jpg\" alt=\"\" width=\"226\" height=\"251\" srcset=\"http:\/\/www.gelisimgezginleri.com\/wp-content\/uploads\/2020\/08\/takim4x4ilk.jpg 657w, http:\/\/www.gelisimgezginleri.com\/wp-content\/uploads\/2020\/08\/takim4x4ilk-270x300.jpg 270w\" sizes=\"(max-width: 226px) 100vw, 226px\" \/><\/a><\/strong><\/p>\n<p style=\"text-align: left;\">Bilinmeyen ve \u00f6ng\u00f6r\u00fclemeyen yeni bir D\u00fcnyaya \u00e7ok h\u0131zl\u0131 ge\u00e7i\u015f yapt\u0131k. \u0130htiya\u00e7lar ve beklentiler bir anda de\u011fi\u015fti.<\/p>\n<p style=\"text-align: left;\">Uyumlanmak i\u00e7in h\u0131za ve yeni bilgiye ihtiyac\u0131m\u0131z var.<\/p>\n<p style=\"text-align: left;\">Alan\u0131nda \u00f6nde gelen S\u00fcper-Viz\u00f6r Ko\u00e7 &#8216;lar taraf\u0131ndan sunulan 4 g\u00fc\u00e7l\u00fc at\u00f6lye ile tak\u0131mlar\u0131n\u0131za yeni bak\u0131\u015f a\u00e7\u0131lar\u0131 kazand\u0131rarak onlar\u0131 g\u00fc\u00e7lendirin.<\/p>\n<p>&nbsp;<\/p>\n<blockquote><p><strong><em>\u00c7al\u0131\u015fanlar aras\u0131ndaki fiziksel uzakl\u0131k zaman i\u00e7inde duygusal uzakl\u0131\u011fa sebep olur. Bu y\u00fczden uzaktan \u00e7al\u0131\u015fma ortam\u0131nda temelinde g\u00fcven ve i\u015f birli\u011fi olan bir tak\u0131m k\u00fclt\u00fcr\u00fc olu\u015fturmak \u00e7ok \u00f6nemlidir.<\/em><\/strong><\/p><\/blockquote>\n<p style=\"text-align: left;\">Online tak\u0131m aktiviteleri, birbirinden uzak \u00e7al\u0131\u015fan ekiplerinizin ileti\u015fimini, g\u00fcvenini ve verimliliklerini art\u0131rmak i\u00e7in \u00f6nemli etkinlikler aras\u0131ndad\u0131r.<\/p>\n<p style=\"text-align: left;\">Ekipler aras\u0131ndaki ba\u011flar\u0131 g\u00fc\u00e7lendirerek birbirleriyle ahenkli ve i\u015fbirli\u011fiyle \u00e7al\u0131\u015fma konusunda tak\u0131m\u0131 motive eder.<\/p>\n<p style=\"text-align: left;\">Yeni D\u00fcnya d\u00fczeninde fark yaratan, de\u011fi\u015fim ve d\u00f6n\u00fc\u015f\u00fcm\u00fc i\u00e7inden ba\u015flatan tak\u0131mlar yaratman\u0131za destek oluyoruz.<\/p>\n<p><a class=\"dt-pswp-item\" href=\"http:\/\/www.gelisimgezginleri.com\/wp-content\/uploads\/2020\/08\/takim4x4sn.jpg\" data-dt-img-description=\"\" data-large_image_width=\"1315\" data-large_image_height=\"249\"><img decoding=\"async\" class=\"alignnone wp-image-766\" src=\"http:\/\/www.gelisimgezginleri.com\/wp-content\/uploads\/2020\/08\/takim4x4sn.jpg\" alt=\"\" width=\"499\" height=\"95\" srcset=\"http:\/\/www.gelisimgezginleri.com\/wp-content\/uploads\/2020\/08\/takim4x4sn.jpg 1315w, http:\/\/www.gelisimgezginleri.com\/wp-content\/uploads\/2020\/08\/takim4x4sn-300x57.jpg 300w, http:\/\/www.gelisimgezginleri.com\/wp-content\/uploads\/2020\/08\/takim4x4sn-1024x194.jpg 1024w, http:\/\/www.gelisimgezginleri.com\/wp-content\/uploads\/2020\/08\/takim4x4sn-768x145.jpg 768w\" sizes=\"(max-width: 499px) 100vw, 499px\" \/><\/a><\/div><\/div>[\/vc_tta_section][vc_tta_section title=&#8221;TAKIM ARA\u00c7LARI 4X4 AT\u00d6LYES\u0130 KAZANDIRDIKLARI&#8221; tab_id=&#8221;1598559458782-484b2207-5867&#8243;]<div id=\"ultimate-heading-903969dab68c4dd28\" class=\"uvc-heading ult-adjust-bottom-margin ultimate-heading-903969dab68c4dd28 uvc-8874  uvc-heading-default-font-sizes\" data-hspacer=\"no_spacer\"  data-halign=\"center\" style=\"text-align:center\"><div class=\"uvc-heading-spacer no_spacer\" style=\"top\"><\/div><div class=\"uvc-sub-heading ult-responsive\"  data-ultimate-target='.uvc-heading.ultimate-heading-903969dab68c4dd28 .uvc-sub-heading '  data-responsive-json-new='{\"font-size\":\"\",\"line-height\":\"\"}'  style=\"font-weight:normal;\"><\/p>\n<p style=\"text-align: left;\"><strong><span style=\"color: #00ff00;\">KOLLEKT\u0130F ZEKA<\/span><\/strong><\/p>\n<p style=\"text-align: left;\">Tek ba\u015f\u0131na t\u00fcm cevaplara sahip olamay\u0131z. Tak\u0131m\u0131n ortak zekas\u0131n\u0131 ke\u015ffetmeyi sa\u011flar.<\/p>\n<p style=\"text-align: left;\"><strong><span style=\"color: #00ff00;\">TEKN\u0130K VE BECER\u0130 SET\u0130<\/span><\/strong><\/p>\n<p style=\"text-align: left;\">D\u00fcnya\u2019daki en g\u00fc\u00e7l\u00fc teknikleri pratik deneyim ile birle\u015ftirir.<\/p>\n<p style=\"text-align: left;\"><strong><span style=\"color: #00ff00;\">\u0130\u015eB\u0130RL\u0130\u011e\u0130 K\u00dcLT\u00dcR\u00dc <\/span><\/strong><\/p>\n<p style=\"text-align: left;\">Ama\u00e7 birlikteli\u011fi sa\u011flamak ve sinerjiyi artt\u0131rmak i\u00e7in tak\u0131m\u0131n g\u00fc\u00e7l\u00fc yanlar\u0131yla birlikte duygusal engellerini ke\u015ffetmenizi ve \u00e7\u00f6z\u00fcm olu\u015fturman\u0131z\u0131 destekler.<\/p>\n<p style=\"text-align: left;\"><strong><span style=\"color: #00ff00;\">YARATICI PROBLEM \u00c7\u00d6ZME<\/span><\/strong><\/p>\n<p style=\"text-align: left;\">Sorun ve problemleri birer f\u0131rsat olarak g\u00f6rme bak\u0131\u015f a\u00e7\u0131s\u0131 kazand\u0131r\u0131r.<\/p>\n<p style=\"text-align: left;\"><strong><span style=\"color: #00ff00;\">DE\u011e\u0130\u015e\u0130M KATAL\u0130Z\u00d6R\u00dc<\/span><\/strong><\/p>\n<p style=\"text-align: left;\">Bug\u00fcn\u00fcn ve gelece\u011fin d\u00fcnyas\u0131nda haz\u0131rl\u0131k i\u00e7in Ko\u00e7luk ve S\u00fcper-Vizyon deste\u011fi vererek de\u011fi\u015fimi kolayla\u015ft\u0131r\u0131r.<\/p>\n<p><\/div><\/div>[\/vc_tta_section][vc_tta_section title=&#8221;D\u0130\u011eER E\u011e\u0130T\u0130M PROGRAMLARIMIZ&#8221; tab_id=&#8221;1598559830559-39f7c7cc-8d37&#8243;]<style type=\"text\/css\" data-type=\"the7_shortcodes-inline-css\">.icon-with-text-shortcode.icon-text-id-933242e5722c57e76093b2e49d6c9bc3 .text-icon {\n  width: 60px;\n  height: 60px;\n  line-height: 60px;\n  font-size: 32px;\n  border-radius: 200px;\n  margin: 0px 0px 0px 0px;\n}\n.icon-with-text-shortcode.icon-text-id-933242e5722c57e76093b2e49d6c9bc3 .text-icon .icon-inner {\n  min-width: 60px;\n  min-height: 60px;\n  border-radius: 200px;\n}\n@media all and (-ms-high-contrast: none) {\n  .icon-with-text-shortcode.icon-text-id-933242e5722c57e76093b2e49d6c9bc3 .text-icon .icon-inner {\n    height: 60px;\n  }\n}\n.icon-with-text-shortcode.icon-text-id-933242e5722c57e76093b2e49d6c9bc3 .text-icon .dt-hover-icon {\n  line-height: 60px;\n}\n.icon-with-text-shortcode.icon-text-id-933242e5722c57e76093b2e49d6c9bc3 .text-icon:before,\n.icon-with-text-shortcode.icon-text-id-933242e5722c57e76093b2e49d6c9bc3 .text-icon:after,\n.icon-with-text-shortcode.icon-text-id-933242e5722c57e76093b2e49d6c9bc3 .text-icon .icon-inner:before,\n.icon-with-text-shortcode.icon-text-id-933242e5722c57e76093b2e49d6c9bc3 .text-icon .icon-inner:after {\n  min-width: 100%;\n  min-height: 100%;\n  padding: inherit;\n  border-radius: inherit;\n}\n.icon-with-text-shortcode.icon-text-id-933242e5722c57e76093b2e49d6c9bc3 .text-icon.dt-icon-border-on:before {\n  border-width: 2px;\n  border-style: solid;\n}\n.dt-icon-border-dashed.icon-with-text-shortcode.icon-text-id-933242e5722c57e76093b2e49d6c9bc3 .text-icon.dt-icon-border-on:before {\n  border-style: dashed;\n}\n.dt-icon-border-dotted.icon-with-text-shortcode.icon-text-id-933242e5722c57e76093b2e49d6c9bc3 .text-icon.dt-icon-border-on:before {\n  border-style: dotted;\n}\n.dt-icon-border-double.icon-with-text-shortcode.icon-text-id-933242e5722c57e76093b2e49d6c9bc3 .text-icon.dt-icon-border-on:before {\n  border-style: double;\n}\n.icon-with-text-shortcode.icon-text-id-933242e5722c57e76093b2e49d6c9bc3 .text-icon.dt-icon-border-dashed.dt-icon-border-on:before {\n  border-style: dashed;\n}\n.icon-with-text-shortcode.icon-text-id-933242e5722c57e76093b2e49d6c9bc3 .text-icon.dt-icon-border-dotted.dt-icon-border-on:before {\n  border-style: dotted;\n}\n.icon-with-text-shortcode.icon-text-id-933242e5722c57e76093b2e49d6c9bc3 .text-icon.dt-icon-border-double.dt-icon-border-on:before {\n  border-style: double;\n}\n.icon-with-text-shortcode.icon-text-id-933242e5722c57e76093b2e49d6c9bc3 .text-icon.dt-icon-hover-border-on:after {\n  border-width: 2px;\n  border-style: solid;\n}\n.icon-with-text-shortcode.icon-text-id-933242e5722c57e76093b2e49d6c9bc3 .text-icon.dt-icon-border-dashed.dt-icon-hover-border-on:after {\n  border-style: dashed;\n}\n.icon-with-text-shortcode.icon-text-id-933242e5722c57e76093b2e49d6c9bc3 .text-icon.dt-icon-border-dotted.dt-icon-hover-border-on:after {\n  border-style: dotted;\n}\n.icon-with-text-shortcode.icon-text-id-933242e5722c57e76093b2e49d6c9bc3 .text-icon.dt-icon-border-double.dt-icon-hover-border-on:after {\n  border-style: double;\n}\n.icon-with-text-shortcode.icon-text-id-933242e5722c57e76093b2e49d6c9bc3 .text-icon.dt-icon-hover-on:hover {\n  font-size: 32px;\n}\n#page .icon-with-text-shortcode.icon-text-id-933242e5722c57e76093b2e49d6c9bc3 .text-icon.dt-icon-hover-on:hover .soc-font-icon,\n#phantom .icon-with-text-shortcode.icon-text-id-933242e5722c57e76093b2e49d6c9bc3 .text-icon.dt-icon-hover-on:hover .soc-font-icon,\n#page .icon-with-text-shortcode.icon-text-id-933242e5722c57e76093b2e49d6c9bc3 .text-icon.dt-icon-hover-on:hover .soc-icon,\n#phantom .icon-with-text-shortcode.icon-text-id-933242e5722c57e76093b2e49d6c9bc3 .text-icon.dt-icon-hover-on:hover .soc-icon {\n  color: #fff;\n  background: none;\n}\n#page .icon-with-text-shortcode.icon-text-id-933242e5722c57e76093b2e49d6c9bc3 .text-icon.dt-icon-hover-on:not(:hover) .soc-font-icon,\n#phantom .icon-with-text-shortcode.icon-text-id-933242e5722c57e76093b2e49d6c9bc3 .text-icon.dt-icon-hover-on:not(:hover) .soc-font-icon,\n#page .icon-with-text-shortcode.icon-text-id-933242e5722c57e76093b2e49d6c9bc3 .text-icon.dt-icon-hover-on:not(:hover) .soc-icon,\n#phantom .icon-with-text-shortcode.icon-text-id-933242e5722c57e76093b2e49d6c9bc3 .text-icon.dt-icon-hover-on:not(:hover) .soc-icon,\n#page .icon-with-text-shortcode.icon-text-id-933242e5722c57e76093b2e49d6c9bc3 .text-icon.dt-icon-hover-off .soc-font-icon,\n#phantom .icon-with-text-shortcode.icon-text-id-933242e5722c57e76093b2e49d6c9bc3 .text-icon.dt-icon-hover-off .soc-font-icon,\n#page .icon-with-text-shortcode.icon-text-id-933242e5722c57e76093b2e49d6c9bc3 .text-icon.dt-icon-hover-off .soc-icon,\n#phantom .icon-with-text-shortcode.icon-text-id-933242e5722c57e76093b2e49d6c9bc3 .text-icon.dt-icon-hover-off .soc-icon {\n  color: #fff;\n  background: none;\n}\n.icon-with-text-shortcode.icon-text-id-933242e5722c57e76093b2e49d6c9bc3.layout-1 {\n  grid-template-columns: 60px minmax(0,1fr);\n  grid-column-gap: 0px;\n}\n.icon-with-text-shortcode.icon-text-id-933242e5722c57e76093b2e49d6c9bc3.layout-2 {\n  grid-template-columns: minmax(0,1fr) 60px;\n  grid-column-gap: 0px;\n}\n.icon-with-text-shortcode.icon-text-id-933242e5722c57e76093b2e49d6c9bc3.layout-2 .text-icon {\n  margin-left: 0;\n}\n.icon-with-text-shortcode.icon-text-id-933242e5722c57e76093b2e49d6c9bc3.layout-3 {\n  grid-template-columns: 60px minmax(0,1fr);\n}\n.icon-with-text-shortcode.icon-text-id-933242e5722c57e76093b2e49d6c9bc3.layout-3 .dt-text-title {\n  margin-left: 0px;\n}\n.icon-with-text-shortcode.icon-text-id-933242e5722c57e76093b2e49d6c9bc3 .dt-text-title,\n.icon-with-text-shortcode.icon-text-id-933242e5722c57e76093b2e49d6c9bc3 .dt-text-title a {\n  font-weight: bold;\n}\n.icon-with-text-shortcode.icon-text-id-933242e5722c57e76093b2e49d6c9bc3 .dt-text-title {\n  margin-bottom: 0px;\n}\n.icon-with-text-shortcode.icon-text-id-933242e5722c57e76093b2e49d6c9bc3 .dt-text-desc {\n  margin-bottom: 0px;\n}<\/style><div class=\"icon-with-text-shortcode  icon-text-id-933242e5722c57e76093b2e49d6c9bc3 layout-5  \" ><h4 class=\"dt-text-title\"  >Di\u011fer e\u011fitimlerimiz hakk\u0131nda detaylar i\u00e7in<\/h4><a href=\"http:\/\/www.gelisimgezginleri.com\/?page_id=111\" class=\"anchor-link  default-btn-shortcode dt-btn dt-btn-s link-hover-off\"><span>TIKLAYINIZ<\/span><\/a><\/div>[\/vc_tta_section][\/vc_tta_accordion][\/vc_column][\/vc_row]<\/p>\n","protected":false},"excerpt":{"rendered":"<p>[vc_row][vc_column width=&#8221;1\/2&#8243;][vc_single_image image=&#8221;915&#8243; img_size=&#8221;large&#8221; lazy_loading=&#8221;true&#8221;][\/vc_column][vc_column width=&#8221;1\/2&#8243;][\/vc_column][vc_column][vc_btn title=&#8221;HEMEN ARAYALIM&#8221; color=&#8221;danger&#8221; size=&#8221;lg&#8221; align=&#8221;right&#8221; link=&#8221;url:http%3A%2F%2Fwww.gelisimgezginleri.com%2F%23!%2Fconsultation&#8221;][\/vc_column][\/vc_row][vc_row disable_element=&#8221;yes&#8221;][vc_column][vc_tta_accordion shape=&#8221;square&#8221; color=&#8221;juicy-pink&#8221; active_section=&#8221;1&#8243;][vc_tta_section title=&#8221;\u0130\u00c7ER\u0130K&#8221; tab_id=&#8221;1598558129053-b0f9bb57-d695&#8243;][\/vc_tta_section][vc_tta_section title=&#8221;TAKIM ARA\u00c7LARI 4X4 YARARLARI&#8221; tab_id=&#8221;1598558129084-1ba5e806-866a&#8221;][\/vc_tta_section][vc_tta_section title=&#8221;TAKIM ARA\u00c7LARI 4X4 AT\u00d6LYES\u0130 KAZANDIRDIKLARI&#8221; tab_id=&#8221;1598559458782-484b2207-5867&#8243;][\/vc_tta_section][vc_tta_section title=&#8221;D\u0130\u011eER E\u011e\u0130T\u0130M PROGRAMLARIMIZ&#8221; tab_id=&#8221;1598559830559-39f7c7cc-8d37&#8243;][\/vc_tta_section][\/vc_tta_accordion][\/vc_column][\/vc_row]<\/p>\n","protected":false},"author":1,"featured_media":0,"parent":706,"menu_order":0,"comment_status":"closed","ping_status":"closed","template":"","meta":{"footnotes":""},"class_list":["post-751","page","type-page","status-publish","hentry","description-off"],"_links":{"self":[{"href":"http:\/\/www.gelisimgezginleri.com\/index.php?rest_route=\/wp\/v2\/pages\/751","targetHints":{"allow":["GET"]}}],"collection":[{"href":"http:\/\/www.gelisimgezginleri.com\/index.php?rest_route=\/wp\/v2\/pages"}],"about":[{"href":"http:\/\/www.gelisimgezginleri.com\/index.php?rest_route=\/wp\/v2\/types\/page"}],"author":[{"embeddable":true,"href":"http:\/\/www.gelisimgezginleri.com\/index.php?rest_route=\/wp\/v2\/users\/1"}],"replies":[{"embeddable":true,"href":"http:\/\/www.gelisimgezginleri.com\/index.php?rest_route=%2Fwp%2Fv2%2Fcomments&post=751"}],"version-history":[{"count":23,"href":"http:\/\/www.gelisimgezginleri.com\/index.php?rest_route=\/wp\/v2\/pages\/751\/revisions"}],"predecessor-version":[{"id":916,"href":"http:\/\/www.gelisimgezginleri.com\/index.php?rest_route=\/wp\/v2\/pages\/751\/revisions\/916"}],"up":[{"embeddable":true,"href":"http:\/\/www.gelisimgezginleri.com\/index.php?rest_route=\/wp\/v2\/pages\/706"}],"wp:attachment":[{"href":"http:\/\/www.gelisimgezginleri.com\/index.php?rest_route=%2Fwp%2Fv2%2Fmedia&parent=751"}],"curies":[{"name":"wp","href":"https:\/\/api.w.org\/{rel}","templated":true}]}}