{"id":210,"date":"2019-05-13T17:35:28","date_gmt":"2019-05-13T17:35:28","guid":{"rendered":"http:\/\/www.gelisimgezginleri.com\/?page_id=210"},"modified":"2020-08-14T16:51:38","modified_gmt":"2020-08-14T16:51:38","slug":"olcme-ve-degerlendirme","status":"publish","type":"page","link":"http:\/\/www.gelisimgezginleri.com\/?page_id=210","title":{"rendered":"\u00d6l\u00e7me ve De\u011ferlendirme"},"content":{"rendered":"<p>[vc_row][vc_column width=&#8221;5\/12&#8243;][vc_single_image image=&#8221;207&#8243; img_size=&#8221;300X300&#8243; alignment=&#8221;center&#8221; style=&#8221;vc_box_circle&#8221; image_hovers=&#8221;false&#8221; lazy_loading=&#8221;true&#8221;][\/vc_column][vc_column width=&#8221;7\/12&#8243;]<div id=\"ultimate-heading-777969e3576a8e879\" class=\"uvc-heading ult-adjust-bottom-margin ultimate-heading-777969e3576a8e879 uvc-37 \" data-hspacer=\"line_only\"  data-halign=\"left\" style=\"text-align:left\"><div class=\"uvc-main-heading ult-responsive\"  data-ultimate-target='.uvc-heading.ultimate-heading-777969e3576a8e879 h2'  data-responsive-json-new='{\"font-size\":\"desktop:34px;\",\"line-height\":\"desktop:44px;\"}' ><h2 style=\"font-weight:bold;margin-bottom:15px;\">\u00d6l\u00e7me ve De\u011ferlendirme<\/h2><\/div><div class=\"uvc-heading-spacer line_only\" style=\"margin-bottom:35px;height:3px;\"><span class=\"uvc-headings-line\" style=\"border-style:solid;border-bottom-width:3px;border-color:#dd0000;width:200px;\"><\/span><\/div><\/div>[vc_column_text]Her biri kendi alan\u0131nda d\u00fcnyada lider kurulu\u015flarla i\u015f birlikleri yapan proje ortaklar\u0131m\u0131zla birlikte, kurumlar\u0131n ihtiya\u00e7lar\u0131na \u00f6zel olarak yap\u0131land\u0131r\u0131labilen, farkl\u0131 unvan ve g\u00f6revler i\u00e7in tasarlanm\u0131\u015f potansiyel belirleme ve yetenek y\u00f6netimi s\u00fcre\u00e7lerine y\u00f6nelik sundu\u011fumuz \u00e7\u00f6z\u00fcmlerimizden olu\u015fmaktad\u0131r.[\/vc_column_text]<div id=\"ultimate-heading-863569e3576a8e8db\" class=\"uvc-heading ult-adjust-bottom-margin ultimate-heading-863569e3576a8e8db uvc-9101 \" data-hspacer=\"no_spacer\"  data-halign=\"left\" style=\"text-align:left\"><div class=\"uvc-heading-spacer no_spacer\" style=\"top\"><\/div><div class=\"uvc-main-heading ult-responsive\"  data-ultimate-target='.uvc-heading.ultimate-heading-863569e3576a8e8db h2'  data-responsive-json-new='{\"font-size\":\"desktop:22px;\",\"line-height\":\"desktop:32px;\"}' ><h2 style=\"font-weight:bold;margin-bottom:20px;\">Yetenek Y\u00f6netiminde De\u011ferlendirme:<\/h2><\/div><\/div><div class=\"standard-arrow bullet-top\"><ul>\n<li>Potansiyel Belirleme<\/li>\n<li>Yeni Y\u00f6netici Belirleme<\/li>\n<li>Orta Kademe Y\u00f6netici Pozisyonuna Terfi<\/li>\n<li>Tepe Y\u00f6netici De\u011ferlendirme<\/li>\n<li>360 Derece De\u011ferlendirme<\/li>\n<li>Y\u00f6netici Geli\u015ftirme Ama\u00e7l\u0131 De\u011ferlendirme<\/li>\n<\/ul>\n<\/div>[vc_empty_space height=&#8221;45px&#8221;]<style type=\"text\/css\" data-type=\"the7_shortcodes-inline-css\">#default-btn-c85aa8354e20cd011eb4943afa3faa58 {\n  border-radius: 1px;\n  font-size: 14px;\n  line-height: 16px;\n}\n.btn-shadow#default-btn-c85aa8354e20cd011eb4943afa3faa58 {\n  box-shadow: 0 1px 6px rgba(0,0,0,0.12);\n  transition: box-shadow 0.2s ease-out, opacity 0.45s;\n}\n.btn-shadow#default-btn-c85aa8354e20cd011eb4943afa3faa58:hover {\n  box-shadow: 0 5px 11px 0 rgba(0,0,0,0.18), 0 4px 15px 0 rgba(0,0,0,0.15);\n}\n.btn-3d#default-btn-c85aa8354e20cd011eb4943afa3faa58 {\n  box-shadow: 0px 2px 0px 0px #901010;\n}\n.btn-3d#default-btn-c85aa8354e20cd011eb4943afa3faa58:hover {\n  box-shadow: 0px 2px 0px 0px #901010;\n}\n.btn-flat#default-btn-c85aa8354e20cd011eb4943afa3faa58 {\n  box-shadow: none;\n}\n.btn-flat#default-btn-c85aa8354e20cd011eb4943afa3faa58:hover {\n  box-shadow: none;\n}\n#default-btn-c85aa8354e20cd011eb4943afa3faa58.ico-right-side > i {\n  margin-right: 0px;\n  margin-left: 8px;\n}\n#default-btn-c85aa8354e20cd011eb4943afa3faa58 > i {\n  margin-right: 8px;\n  font-size: 14px;\n}\n#default-btn-c85aa8354e20cd011eb4943afa3faa58:not(:hover) {\n  border-width: 0px;\n  background: #dd0000 !important;\n  padding: 12px 18px 12px 18px;\n}\n#default-btn-c85aa8354e20cd011eb4943afa3faa58:hover {\n  border-width: 0px;\n  background: #dd0000 !important;\n  padding: 12px 18px 12px 18px;\n}\n#default-btn-c85aa8354e20cd011eb4943afa3faa58.ico-right-side > i {\n  margin-right: 0px;\n  margin-left: 8px;\n}\n#default-btn-c85aa8354e20cd011eb4943afa3faa58 > i {\n  margin-right: 8px;\n}<\/style><a href=\"http:\/\/www.gelisimgezginleri.com\/#!\/consultation\" class=\"default-btn-shortcode dt-btn link-hover-off btn-inline-left btn-flat \" target=\"_blank\" id=\"default-btn-c85aa8354e20cd011eb4943afa3faa58\" rel=\"noopener\"><span>\u00dccretsiz \u0130lk Dan\u0131\u015fma<\/span><\/a>[\/vc_column][\/vc_row]<\/p>\n","protected":false},"excerpt":{"rendered":"<p>[vc_row][vc_column width=&#8221;5\/12&#8243;][vc_single_image image=&#8221;207&#8243; img_size=&#8221;300X300&#8243; alignment=&#8221;center&#8221; style=&#8221;vc_box_circle&#8221; image_hovers=&#8221;false&#8221; lazy_loading=&#8221;true&#8221;][\/vc_column][vc_column width=&#8221;7\/12&#8243;][vc_column_text]Her biri kendi alan\u0131nda d\u00fcnyada lider kurulu\u015flarla i\u015f birlikleri yapan proje ortaklar\u0131m\u0131zla birlikte, kurumlar\u0131n ihtiya\u00e7lar\u0131na \u00f6zel olarak yap\u0131land\u0131r\u0131labilen, farkl\u0131 unvan ve g\u00f6revler i\u00e7in tasarlanm\u0131\u015f potansiyel belirleme ve yetenek y\u00f6netimi s\u00fcre\u00e7lerine y\u00f6nelik sundu\u011fumuz \u00e7\u00f6z\u00fcmlerimizden olu\u015fmaktad\u0131r.[\/vc_column_text][vc_empty_space height=&#8221;45px&#8221;][\/vc_column][\/vc_row]<\/p>\n","protected":false},"author":1,"featured_media":0,"parent":111,"menu_order":0,"comment_status":"closed","ping_status":"closed","template":"","meta":{"footnotes":""},"class_list":["post-210","page","type-page","status-publish","hentry","description-off"],"_links":{"self":[{"href":"http:\/\/www.gelisimgezginleri.com\/index.php?rest_route=\/wp\/v2\/pages\/210","targetHints":{"allow":["GET"]}}],"collection":[{"href":"http:\/\/www.gelisimgezginleri.com\/index.php?rest_route=\/wp\/v2\/pages"}],"about":[{"href":"http:\/\/www.gelisimgezginleri.com\/index.php?rest_route=\/wp\/v2\/types\/page"}],"author":[{"embeddable":true,"href":"http:\/\/www.gelisimgezginleri.com\/index.php?rest_route=\/wp\/v2\/users\/1"}],"replies":[{"embeddable":true,"href":"http:\/\/www.gelisimgezginleri.com\/index.php?rest_route=%2Fwp%2Fv2%2Fcomments&post=210"}],"version-history":[{"count":9,"href":"http:\/\/www.gelisimgezginleri.com\/index.php?rest_route=\/wp\/v2\/pages\/210\/revisions"}],"predecessor-version":[{"id":589,"href":"http:\/\/www.gelisimgezginleri.com\/index.php?rest_route=\/wp\/v2\/pages\/210\/revisions\/589"}],"up":[{"embeddable":true,"href":"http:\/\/www.gelisimgezginleri.com\/index.php?rest_route=\/wp\/v2\/pages\/111"}],"wp:attachment":[{"href":"http:\/\/www.gelisimgezginleri.com\/index.php?rest_route=%2Fwp%2Fv2%2Fmedia&parent=210"}],"curies":[{"name":"wp","href":"https:\/\/api.w.org\/{rel}","templated":true}]}}