{"id":188,"date":"2019-05-13T14:40:34","date_gmt":"2019-05-13T14:40:34","guid":{"rendered":"http:\/\/www.gelisimgezginleri.com\/?page_id=188"},"modified":"2020-08-14T16:51:38","modified_gmt":"2020-08-14T16:51:38","slug":"kocluk","status":"publish","type":"page","link":"http:\/\/www.gelisimgezginleri.com\/?page_id=188","title":{"rendered":"Ko\u00e7luk"},"content":{"rendered":"<p>[vc_row][vc_column width=&#8221;5\/12&#8243;][vc_single_image image=&#8221;186&#8243; img_size=&#8221;300&#215;300&#8243; alignment=&#8221;center&#8221; style=&#8221;vc_box_circle&#8221; image_hovers=&#8221;false&#8221;][\/vc_column][vc_column width=&#8221;7\/12&#8243;]<div id=\"ultimate-heading-785369e358550e33a\" class=\"uvc-heading ult-adjust-bottom-margin ultimate-heading-785369e358550e33a uvc-4670 \" data-hspacer=\"line_only\"  data-halign=\"left\" style=\"text-align:left\"><div class=\"uvc-main-heading ult-responsive\"  data-ultimate-target='.uvc-heading.ultimate-heading-785369e358550e33a h2'  data-responsive-json-new='{\"font-size\":\"desktop:34px;\",\"line-height\":\"desktop:44px;\"}' ><h2 style=\"font-weight:bold;margin-bottom:15px;\">Ko\u00e7luk<\/h2><\/div><div class=\"uvc-heading-spacer line_only\" style=\"margin-bottom:35px;height:3px;\"><span class=\"uvc-headings-line\" style=\"border-style:solid;border-bottom-width:3px;border-color:#dd0404;width:200px;\"><\/span><\/div><div class=\"uvc-sub-heading ult-responsive\"  data-ultimate-target='.uvc-heading.ultimate-heading-785369e358550e33a .uvc-sub-heading '  data-responsive-json-new='{\"font-size\":\"desktop:20px;\",\"line-height\":\"desktop:32px;\"}'  style=\"font-weight:normal;color:#000000;margin-bottom:25px;\">Ko\u00e7luk \u00e7al\u0131\u015fmalar\u0131m\u0131z ki\u015filerin ve tak\u0131mlar\u0131n hedeflerine ula\u015fmalar\u0131n\u0131 kolayla\u015ft\u0131rmak ve geli\u015fimi h\u0131zland\u0131rmak i\u00e7in sundu\u011fumuz \u00f6zellikli \u00e7\u00f6z\u00fcmlerimizdendir.<\/p>\n<p><\/div><\/div>[vc_column_text]Ko\u00e7luk \u00e7al\u0131\u015fmalar\u0131m\u0131z, a\u011f\u0131rl\u0131kl\u0131 olarak kurumsal i\u00e7erikte olup ki\u015finin bulundu\u011fu g\u00f6rev ve pozisyonun gerektirdi\u011fi yetkinlik ve beceri geli\u015fimi ile de\u011fi\u015fimini kolayla\u015ft\u0131rmak i\u00e7in dizayn edilmi\u015ftir.<\/p>\n<p>Ko\u00e7lar\u0131m\u0131z uluslararas\u0131 (AC veya ICF) onayl\u0131 ko\u00e7luk sertifikas\u0131 veren ko\u00e7luk okullar\u0131ndan mezun, ko\u00e7luk sertifikas\u0131 sahibi, konular\u0131nda deneyimli ve uzman ki\u015filerdir.[\/vc_column_text]<div id=\"ultimate-heading-843569e358550e3a4\" class=\"uvc-heading ult-adjust-bottom-margin ultimate-heading-843569e358550e3a4 uvc-3669 \" data-hspacer=\"no_spacer\"  data-halign=\"left\" style=\"text-align:left\"><div class=\"uvc-heading-spacer no_spacer\" style=\"top\"><\/div><div class=\"uvc-main-heading ult-responsive\"  data-ultimate-target='.uvc-heading.ultimate-heading-843569e358550e3a4 h2'  data-responsive-json-new='{\"font-size\":\"desktop:22px;\",\"line-height\":\"desktop:32px;\"}' ><h2 style=\"font-weight:bold;margin-bottom:20px;\">Sundu\u011fumuz Hizmetler:<\/h2><\/div><\/div><div class=\"standard-arrow bullet-top\"><ul>\n<li>Y\u00f6netici Ko\u00e7lu\u011fu<\/li>\n<li>Y\u00f6netici Ko\u00e7lu\u011fu ve Mentorlu\u011fu<\/li>\n<li>Liderlik Ko\u00e7lu\u011fu<\/li>\n<li>Performans Artt\u0131rma Ko\u00e7lu\u011fu<\/li>\n<li>Sat\u0131\u015f Performans\u0131 Artt\u0131rma Ko\u00e7lu\u011fu<\/li>\n<li>Kurum \u0130\u00e7i Ko\u00e7lar i\u00e7in Supervizyon\/Mentorluk<\/li>\n<li>Tak\u0131m Ko\u00e7lu\u011fu<\/li>\n<\/ul>\n<\/div>[vc_empty_space height=&#8221;45px&#8221;]<style type=\"text\/css\" data-type=\"the7_shortcodes-inline-css\">#default-btn-c85aa8354e20cd011eb4943afa3faa58 {\n  border-radius: 1px;\n  font-size: 14px;\n  line-height: 16px;\n}\n.btn-shadow#default-btn-c85aa8354e20cd011eb4943afa3faa58 {\n  box-shadow: 0 1px 6px rgba(0,0,0,0.12);\n  transition: box-shadow 0.2s ease-out, opacity 0.45s;\n}\n.btn-shadow#default-btn-c85aa8354e20cd011eb4943afa3faa58:hover {\n  box-shadow: 0 5px 11px 0 rgba(0,0,0,0.18), 0 4px 15px 0 rgba(0,0,0,0.15);\n}\n.btn-3d#default-btn-c85aa8354e20cd011eb4943afa3faa58 {\n  box-shadow: 0px 2px 0px 0px #901010;\n}\n.btn-3d#default-btn-c85aa8354e20cd011eb4943afa3faa58:hover {\n  box-shadow: 0px 2px 0px 0px #901010;\n}\n.btn-flat#default-btn-c85aa8354e20cd011eb4943afa3faa58 {\n  box-shadow: none;\n}\n.btn-flat#default-btn-c85aa8354e20cd011eb4943afa3faa58:hover {\n  box-shadow: none;\n}\n#default-btn-c85aa8354e20cd011eb4943afa3faa58.ico-right-side > i {\n  margin-right: 0px;\n  margin-left: 8px;\n}\n#default-btn-c85aa8354e20cd011eb4943afa3faa58 > i {\n  margin-right: 8px;\n  font-size: 14px;\n}\n#default-btn-c85aa8354e20cd011eb4943afa3faa58:not(:hover) {\n  border-width: 0px;\n  background: #dd0000 !important;\n  padding: 12px 18px 12px 18px;\n}\n#default-btn-c85aa8354e20cd011eb4943afa3faa58:hover {\n  border-width: 0px;\n  background: #dd0000 !important;\n  padding: 12px 18px 12px 18px;\n}\n#default-btn-c85aa8354e20cd011eb4943afa3faa58.ico-right-side > i {\n  margin-right: 0px;\n  margin-left: 8px;\n}\n#default-btn-c85aa8354e20cd011eb4943afa3faa58 > i {\n  margin-right: 8px;\n}<\/style><a href=\"http:\/\/www.gelisimgezginleri.com\/#!\/consultation\" class=\"default-btn-shortcode dt-btn link-hover-off btn-inline-left btn-flat \" target=\"_blank\" id=\"default-btn-c85aa8354e20cd011eb4943afa3faa58\" rel=\"noopener\"><span>\u00dccretsiz \u0130lk Dan\u0131\u015fma<\/span><\/a>[\/vc_column][\/vc_row]<\/p>\n","protected":false},"excerpt":{"rendered":"<p>[vc_row][vc_column width=&#8221;5\/12&#8243;][vc_single_image image=&#8221;186&#8243; img_size=&#8221;300&#215;300&#8243; alignment=&#8221;center&#8221; style=&#8221;vc_box_circle&#8221; image_hovers=&#8221;false&#8221;][\/vc_column][vc_column width=&#8221;7\/12&#8243;][vc_column_text]Ko\u00e7luk \u00e7al\u0131\u015fmalar\u0131m\u0131z, a\u011f\u0131rl\u0131kl\u0131 olarak kurumsal i\u00e7erikte olup ki\u015finin bulundu\u011fu g\u00f6rev ve pozisyonun gerektirdi\u011fi yetkinlik ve beceri geli\u015fimi ile de\u011fi\u015fimini kolayla\u015ft\u0131rmak i\u00e7in dizayn edilmi\u015ftir. Ko\u00e7lar\u0131m\u0131z uluslararas\u0131 (AC veya ICF) onayl\u0131 ko\u00e7luk sertifikas\u0131 veren ko\u00e7luk okullar\u0131ndan mezun, ko\u00e7luk sertifikas\u0131 sahibi, konular\u0131nda deneyimli ve uzman ki\u015filerdir.[\/vc_column_text][vc_empty_space height=&#8221;45px&#8221;][\/vc_column][\/vc_row]<\/p>\n","protected":false},"author":1,"featured_media":0,"parent":111,"menu_order":0,"comment_status":"closed","ping_status":"closed","template":"","meta":{"footnotes":""},"class_list":["post-188","page","type-page","status-publish","hentry","description-off"],"_links":{"self":[{"href":"http:\/\/www.gelisimgezginleri.com\/index.php?rest_route=\/wp\/v2\/pages\/188","targetHints":{"allow":["GET"]}}],"collection":[{"href":"http:\/\/www.gelisimgezginleri.com\/index.php?rest_route=\/wp\/v2\/pages"}],"about":[{"href":"http:\/\/www.gelisimgezginleri.com\/index.php?rest_route=\/wp\/v2\/types\/page"}],"author":[{"embeddable":true,"href":"http:\/\/www.gelisimgezginleri.com\/index.php?rest_route=\/wp\/v2\/users\/1"}],"replies":[{"embeddable":true,"href":"http:\/\/www.gelisimgezginleri.com\/index.php?rest_route=%2Fwp%2Fv2%2Fcomments&post=188"}],"version-history":[{"count":14,"href":"http:\/\/www.gelisimgezginleri.com\/index.php?rest_route=\/wp\/v2\/pages\/188\/revisions"}],"predecessor-version":[{"id":588,"href":"http:\/\/www.gelisimgezginleri.com\/index.php?rest_route=\/wp\/v2\/pages\/188\/revisions\/588"}],"up":[{"embeddable":true,"href":"http:\/\/www.gelisimgezginleri.com\/index.php?rest_route=\/wp\/v2\/pages\/111"}],"wp:attachment":[{"href":"http:\/\/www.gelisimgezginleri.com\/index.php?rest_route=%2Fwp%2Fv2%2Fmedia&parent=188"}],"curies":[{"name":"wp","href":"https:\/\/api.w.org\/{rel}","templated":true}]}}